{"id":8,"date":"2024-06-01T22:48:17","date_gmt":"2024-06-01T14:48:17","guid":{"rendered":"http:\/\/jornencn2024.lc:81\/?page_id=8"},"modified":"2024-10-24T14:43:05","modified_gmt":"2024-10-24T06:43:05","slug":"%e5%85%ac%e5%8f%b8%e7%ae%80%e4%bb%8b","status":"publish","type":"page","link":"https:\/\/www.jornen.es\/?page_id=8","title":{"rendered":"Sobre Nosotros"},"content":{"rendered":"\n<p>Fundada en 1989 en China, Jornen Machinery Co., Ltd. es un fabricante profesional de maquinaria farmac\u00e9utica integraci\u00f3n del desarrollo, producci\u00f3n, comercializaci\u00f3n y servicio. Nos recibi\u00f3 uno de los \u00ab10 Mejores Empresas de M\u00e1quinas de empaque en China\u00bb y \u00abEnterprise Shanghai de alta tecnolog\u00eda\u00bb.<\/p>\n\n\n\n<p>Fundador de la compa\u00f1\u00eda Sr. Yang Yijun ha sido el desarrollo de las m\u00e1quinas blister desde 1986. En 1989, se lanz\u00f3 por primera vez en China Sellado Blister platina de la m\u00e1quina. A trav\u00e9s de los esfuerzos de dos generaciones de personal Jornen durante m\u00e1s de dos d\u00e9cadas, Jornen se ha convertido en un l\u00edder en el suministro y el mantenimiento de una l\u00ednea completa de procesamiento y equipos de envasado en todo el mundo. Nuestros productos incluyen la m\u00e1quina Blister, Encartonadora, L\u00ednea Blister, M\u00e1quina de revestimiento de cinta, m\u00e1quina para llenar c\u00e1psulas, M\u00e1quina Tableta Prensa y comprimidos \/ c\u00e1psulas l\u00edneas de envasado de botellas.<\/p>\n\n\n\n<p>Estamos dedicados y conducido a proporcionar el mejor equipo para satisfacer las necesidades de nuestros clientes que provienen de las industrias farmac\u00e9utica, alimenticia, cosm\u00e9tica y qu\u00edmica. Hasta la fecha, hemos entregado equipo excepcional, innovador y de calidad a los clientes en m\u00e1s de 90 pa\u00edses de todo el mundo.<\/p>\n\n\n<div class=\"wp-block-image\">\n<figure class=\"aligncenter size-large is-resized\"><img decoding=\"async\" src=\"http:\/\/www.jornen.es\/wp-content\/uploads\/2024\/06\/1_205413b2.jpg\" alt=\"\" style=\"width:1200px\"\/><\/figure>\n<\/div>\n\n\n<p><\/p>\n","protected":false},"excerpt":{"rendered":"<p>Fundada en 1989 en China, Jornen Machinery Co., Ltd. es un fabricante profesional de maquinaria farmac\u00e9utica integraci\u00f3n del desarrollo, producci\u00f3n, comercializaci\u00f3n y servicio. Nos recibi\u00f3 uno de los \u00ab10 Mejores Empresas de M\u00e1quinas de empaque en China\u00bb y \u00abEnterprise Shanghai de alta tecnolog\u00eda\u00bb. Fundador de la compa\u00f1\u00eda Sr. Yang Yijun ha sido el desarrollo de las m\u00e1quinas blister desde 1986. En 1989, se lanz\u00f3 por primera vez en China Sellado Blister platina de la m\u00e1quina. A trav\u00e9s de los esfuerzos de dos generaciones de personal Jornen durante m\u00e1s de dos d\u00e9cadas, Jornen se ha convertido en un l\u00edder en el suministro y el mantenimiento de una l\u00ednea completa de procesamiento y equipos de envasado en todo el mundo. Nuestros productos incluyen la m\u00e1quina Blister, Encartonadora, &hellip; <\/p>\n","protected":false},"author":1,"featured_media":0,"parent":0,"menu_order":0,"comment_status":"closed","ping_status":"closed","template":"","meta":{"footnotes":""},"class_list":["post-8","page","type-page","status-publish","hentry"],"_links":{"self":[{"href":"https:\/\/www.jornen.es\/index.php?rest_route=\/wp\/v2\/pages\/8","targetHints":{"allow":["GET"]}}],"collection":[{"href":"https:\/\/www.jornen.es\/index.php?rest_route=\/wp\/v2\/pages"}],"about":[{"href":"https:\/\/www.jornen.es\/index.php?rest_route=\/wp\/v2\/types\/page"}],"author":[{"embeddable":true,"href":"https:\/\/www.jornen.es\/index.php?rest_route=\/wp\/v2\/users\/1"}],"replies":[{"embeddable":true,"href":"https:\/\/www.jornen.es\/index.php?rest_route=%2Fwp%2Fv2%2Fcomments&post=8"}],"version-history":[{"count":7,"href":"https:\/\/www.jornen.es\/index.php?rest_route=\/wp\/v2\/pages\/8\/revisions"}],"predecessor-version":[{"id":890,"href":"https:\/\/www.jornen.es\/index.php?rest_route=\/wp\/v2\/pages\/8\/revisions\/890"}],"wp:attachment":[{"href":"https:\/\/www.jornen.es\/index.php?rest_route=%2Fwp%2Fv2%2Fmedia&parent=8"}],"curies":[{"name":"wp","href":"https:\/\/api.w.org\/{rel}","templated":true}]}}