{"id":374,"date":"2024-07-02T08:29:48","date_gmt":"2024-07-02T00:29:48","guid":{"rendered":"http:\/\/testes.jornen.com\/?post_type=product&#038;p=374"},"modified":"2024-12-09T09:32:18","modified_gmt":"2024-12-09T01:32:18","slug":"alimentador-de-ampolla-de-tubo","status":"publish","type":"product","link":"https:\/\/www.jornen.es\/?product=alimentador-de-ampolla-de-tubo","title":{"rendered":"Alimentador de ampolla de tubo"},"content":{"rendered":"<p>El video de este alimentador de bl\u00edster de tubo:<br \/>\n<a href=\"https:\/\/youtu.be\/uRZSGxSU2_A\">https:\/\/youtu.be\/uRZSGxSU2_A<\/a><br \/>\nVarios tipos de alimentador de bl\u00edster:<br \/>\n<a href=\"https:\/\/youtu.be\/bpl69Yw9H80\">https:\/\/youtu.be\/bpl69Yw9H80<\/a><br \/>\nEste sistema de alimentaci\u00f3n por tubo bl\u00edster mejora el rendimiento y aumenta la productividad de su producci\u00f3n de envases bl\u00edster. Es adecuado tanto para m\u00e1quinas de envasado en bl\u00edster de movimiento intermitente o continuo en velocidad media o alta.<br \/>\nPuede llenar todo el \u00edndice de la m\u00e1quina de bl\u00edster de una vez mientras la cinta est\u00e1 estacionaria (para la m\u00e1quina de bl\u00edster intermitente); El alimentador de tubos tambi\u00e9n puede funcionar de forma rec\u00edproca en el riel, en sincron\u00eda con la cinta en movimiento para llenar todo el \u00edndice (para la m\u00e1quina de bl\u00edster de movimiento continuo).<br \/>\n&gt; La alimentaci\u00f3n del bl\u00edster comienza transfiriendo las c\u00e1psulas o tabletas a la tolva, luego salen de la tolva a trav\u00e9s del transportador vibratorio lineal.<br \/>\n&gt; La estructura combinada que consta de bandeja superior, bandeja intermedia y bandeja inferior. Puede llenar todo el \u00edndice de la m\u00e1quina bl\u00edster a la vez.<br \/>\n&gt; Las c\u00e1psulas o tabletas se introducen en la bandeja superior, la parte superior se mueve hacia arriba y hacia abajo junto con la vibraci\u00f3n para ayudar a que las c\u00e1psulas o tabletas entren en los tubos.<br \/>\n&gt; La bandeja superior est\u00e1 equipada con un sensor que puede monitorear autom\u00e1ticamente el nivel de la c\u00e1psula o tableta, cuando el nivel es bajo enviar\u00e1 una se\u00f1al al vibrador para transportar m\u00e1s c\u00e1psulas o tabletas.<br \/>\n&gt; La bandeja central controla la c\u00e1psula, asegura que solo una c\u00e1psula o tableta pase a la bandeja inferior a la vez.<br \/>\n&gt; Cada tubo en la bandeja inferior est\u00e1 alineado con un bolsillo bl\u00edster, cuando la cinta se detiene, la c\u00e1psula o tableta se descarga en el bolsillo.<br \/>\nVea nuestras m\u00e1quinas en funcionamiento en la empresa farmac\u00e9utica<\/p>\n","protected":false},"excerpt":{"rendered":"<p>El video de este alimentador de bl\u00edster de tubo: https:\/\/youtu.be\/uRZSGxSU2_A Varios tipos de alimentador de bl\u00edster: https:\/\/youtu.be\/bpl69Yw9H80 Este sistema de alimentaci\u00f3n por tubo bl\u00edster mejora el rendimiento y aumenta la productividad de su producci\u00f3n de envases bl\u00edster. Es adecuado tanto para m\u00e1quinas de envasado en bl\u00edster de movimiento intermitente o continuo en velocidad media o alta. Puede llenar todo el \u00edndice de la m\u00e1quina de bl\u00edster de una vez mientras la cinta est\u00e1 estacionaria (para la m\u00e1quina de bl\u00edster intermitente); El alimentador de tubos tambi\u00e9n puede funcionar de forma rec\u00edproca en el riel, en sincron\u00eda con la cinta en movimiento para llenar todo el \u00edndice (para la m\u00e1quina de bl\u00edster de movimiento continuo). &gt; La alimentaci\u00f3n del bl\u00edster comienza transfiriendo las c\u00e1psulas o tabletas a &hellip; <\/p>\n","protected":false},"featured_media":929,"template":"","meta":[],"product_cat":[22],"product_tag":[],"class_list":{"0":"post-374","1":"product","2":"type-product","3":"status-publish","4":"has-post-thumbnail","6":"product_cat-maquinas-blister","8":"first","9":"instock","10":"shipping-taxable","11":"product-type-simple"},"_links":{"self":[{"href":"https:\/\/www.jornen.es\/index.php?rest_route=\/wp\/v2\/product\/374","targetHints":{"allow":["GET"]}}],"collection":[{"href":"https:\/\/www.jornen.es\/index.php?rest_route=\/wp\/v2\/product"}],"about":[{"href":"https:\/\/www.jornen.es\/index.php?rest_route=\/wp\/v2\/types\/product"}],"wp:featuredmedia":[{"embeddable":true,"href":"https:\/\/www.jornen.es\/index.php?rest_route=\/wp\/v2\/media\/929"}],"wp:attachment":[{"href":"https:\/\/www.jornen.es\/index.php?rest_route=%2Fwp%2Fv2%2Fmedia&parent=374"}],"wp:term":[{"taxonomy":"product_cat","embeddable":true,"href":"https:\/\/www.jornen.es\/index.php?rest_route=%2Fwp%2Fv2%2Fproduct_cat&post=374"},{"taxonomy":"product_tag","embeddable":true,"href":"https:\/\/www.jornen.es\/index.php?rest_route=%2Fwp%2Fv2%2Fproduct_tag&post=374"}],"curies":[{"name":"wp","href":"https:\/\/api.w.org\/{rel}","templated":true}]}}