{"id":379,"date":"2024-07-02T08:57:25","date_gmt":"2024-07-02T00:57:25","guid":{"rendered":"http:\/\/testes.jornen.com\/?post_type=product&#038;p=379"},"modified":"2024-07-02T10:46:18","modified_gmt":"2024-07-02T02:46:18","slug":"dpp80-maquina-blister","status":"publish","type":"product","link":"https:\/\/www.jornen.es\/?product=dpp80-maquina-blister","title":{"rendered":"DPP80 M\u00e1quina Blister"},"content":{"rendered":"<div>\n<div>\n<div>Videos de esta m\u00e1quina bl\u00edster:<br \/>\n<a href=\"https:\/\/youtu.be\/pHNeBi4XRy8\">https:\/\/youtu.be\/pHNeBi4XRy8<\/a><br \/>\nVarios tipos de alimentador de bl\u00edster:<br \/>\n<a href=\"https:\/\/youtu.be\/bpl69Yw9H80\">https:\/\/youtu.be\/bpl69Yw9H80<\/a><br \/>\nLas caracter\u00edsticas de Blister Machine DPP80:<br \/>\nDPP80 es una m\u00e1quina de envasado en bl\u00edster compacta, personalizable y comercialmente competitiva para laboratorios e instalaciones de ensayos cl\u00ednicos que requieren soluciones de envasado de bajo volumen.<br \/>\nProduce peque\u00f1os lotes de todo tipo de bl\u00edsters, incluidos los termoformados y los conformados en fr\u00edo.<br \/>\nInterfaz de usuario sencilla.<br \/>\nDise\u00f1o de sobremesa compacto que ahorra espacio para un conveniente empaque en bl\u00edster.<br \/>\nConfiguraci\u00f3n r\u00e1pida y la formaci\u00f3n m\u00ednima necesaria.<br \/>\nCambio de formato sin herramientas para piezas de formato.<br \/>\nBeneficios:<br \/>\nLleve su empaque de bl\u00edster internamente en lugar de reservar tiempo en las l\u00edneas de producci\u00f3n o subcontratarlo a un tercero; minimiza las demoras, lo que permite que su nuevo medicamento llegue al mercado antes.<br \/>\nConfiguraci\u00f3n r\u00e1pida y sencilla: no se requieren conocimientos especializados para operar, por lo que no es necesario que est\u00e9 presente un ingeniero<br \/>\nDise\u00f1o compacto y port\u00e1til.<br \/>\nJornen puede dise\u00f1ar sus nuevos bl\u00edsteres. Esto es especialmente \u00fatil para los clientes que realizan ensayos cl\u00ednicos. Podemos asesorarlos sobre c\u00f3mo racionalizar la cantidad de herramientas diferentes necesarias, incluso si el laboratorio necesita empaquetar muchos productos diferentes.<br \/>\nTotalmente cGMP, por lo que se limpia r\u00e1pidamente: requiere 5 minutos<br \/>\nCambio r\u00e1pido: reduce el tiempo de inactividad entre lotes de producci\u00f3n.<br \/>\nSolicitud:<br \/>\nLa m\u00e1quina bl\u00edster DPP80 es ideal para producir lotes peque\u00f1os de envases bl\u00edster de alta calidad en:<br \/>\nLaboratorios de investigaci\u00f3n y desarrollo farmac\u00e9utico, ensayos cl\u00ednicos, estudios de estabilidad, desarrollo de envases, marketing, muestras, producci\u00f3n farmac\u00e9utica y departamentos de envasado.<br \/>\nVea nuestras m\u00e1quinas en funcionamiento en la empresa farmac\u00e9utica<\/div>\n<div><a href=\"https:\/\/www.jornen.com\/news\/reference\/factory\/\">https:\/\/www.jornen.com\/news\/reference\/factory\/<\/a><\/div>\n<\/div>\n<\/div>\n<div>\n<div><span style=\"font-family: Verdana;\">Principales par\u00e1metros t\u00e9cnicos:\u00a0<\/span><\/div>\n<div>Max. Velocidad: 27 golpes \/ min.<br \/>\nMax. Salida: 27 bl\u00edsteres \/ min. (tama\u00f1o del blister 57 \u00d7 80 mm)<br \/>\nMax. \u00c1rea de formaci\u00f3n: 70 \u00d7 100 mm<br \/>\nProfundidad m\u00e1xima de formaci\u00f3n: 12 mm<br \/>\nMaterial: M\u00e1x. ancho: 80mm<br \/>\nPoder de la m\u00e1quina: 2.5kw<br \/>\nDimensi\u00f3n de la m\u00e1quina (LxAnxAl): 1600 \u00d7 520 \u00d7 1050 mm<br \/>\nPeso de la m\u00e1quina: 170 kg<\/div>\n<\/div>\n","protected":false},"excerpt":{"rendered":"<p>Videos de esta m\u00e1quina bl\u00edster: https:\/\/youtu.be\/pHNeBi4XRy8 Varios tipos de alimentador de bl\u00edster: https:\/\/youtu.be\/bpl69Yw9H80 Las caracter\u00edsticas de Blister Machine DPP80: DPP80 es una m\u00e1quina de envasado en bl\u00edster compacta, personalizable y comercialmente competitiva para laboratorios e instalaciones de ensayos cl\u00ednicos que requieren soluciones de envasado de bajo volumen. Produce peque\u00f1os lotes de todo tipo de bl\u00edsters, incluidos los termoformados y los conformados en fr\u00edo. Interfaz de usuario sencilla. Dise\u00f1o de sobremesa compacto que ahorra espacio para un conveniente empaque en bl\u00edster. Configuraci\u00f3n r\u00e1pida y la formaci\u00f3n m\u00ednima necesaria. Cambio de formato sin herramientas para piezas de formato. Beneficios: Lleve su empaque de bl\u00edster internamente en lugar de reservar tiempo en las l\u00edneas de producci\u00f3n o subcontratarlo a un tercero; minimiza las demoras, lo que permite que &hellip; <\/p>\n","protected":false},"featured_media":380,"template":"","meta":[],"product_cat":[22],"product_tag":[],"class_list":{"0":"post-379","1":"product","2":"type-product","3":"status-publish","4":"has-post-thumbnail","6":"product_cat-maquinas-blister","8":"first","9":"instock","10":"shipping-taxable","11":"product-type-simple"},"_links":{"self":[{"href":"https:\/\/www.jornen.es\/index.php?rest_route=\/wp\/v2\/product\/379","targetHints":{"allow":["GET"]}}],"collection":[{"href":"https:\/\/www.jornen.es\/index.php?rest_route=\/wp\/v2\/product"}],"about":[{"href":"https:\/\/www.jornen.es\/index.php?rest_route=\/wp\/v2\/types\/product"}],"wp:featuredmedia":[{"embeddable":true,"href":"https:\/\/www.jornen.es\/index.php?rest_route=\/wp\/v2\/media\/380"}],"wp:attachment":[{"href":"https:\/\/www.jornen.es\/index.php?rest_route=%2Fwp%2Fv2%2Fmedia&parent=379"}],"wp:term":[{"taxonomy":"product_cat","embeddable":true,"href":"https:\/\/www.jornen.es\/index.php?rest_route=%2Fwp%2Fv2%2Fproduct_cat&post=379"},{"taxonomy":"product_tag","embeddable":true,"href":"https:\/\/www.jornen.es\/index.php?rest_route=%2Fwp%2Fv2%2Fproduct_tag&post=379"}],"curies":[{"name":"wp","href":"https:\/\/api.w.org\/{rel}","templated":true}]}}