{"id":381,"date":"2024-07-02T08:59:35","date_gmt":"2024-07-02T00:59:35","guid":{"rendered":"http:\/\/testes.jornen.com\/?post_type=product&#038;p=381"},"modified":"2024-12-09T09:29:03","modified_gmt":"2024-12-09T01:29:03","slug":"bmp100-maquina-blister","status":"publish","type":"product","link":"https:\/\/www.jornen.es\/?product=bmp100-maquina-blister","title":{"rendered":"BMP100 M\u00e1quina Blister"},"content":{"rendered":"<p>Los videos de esta M\u00e1quina Blister:<br \/>\n<a href=\"https:\/\/youtu.be\/IFnTGAvtcxI\">https:\/\/youtu.be\/IFnTGAvtcxI<\/a><br \/>\nLas caracter\u00edsticas de la M\u00e1quina Blister BMP100:<br \/>\nBMP100 es una m\u00e1quina empacadora de blister compacta, personalizable y comercialmente competitiva para laboratorios de ensayos cl\u00ednicos e instalaciones que requieren soluciones de empaque de bajo volumen.<br \/>\nProduce peque\u00f1os lotes de todo tipo de blisters, incluidos termoformados y formados en fr\u00edo.<br \/>\nInterfaz de usuario f\u00e1cil.<br \/>\nDise\u00f1o compacto que ahorra espacio para un conveniente empaque en bl\u00edster.<br \/>\nConfiguraci\u00f3n r\u00e1pida y m\u00ednima capacitaci\u00f3n requerida.<br \/>\nCambio sin herramientas para piezas de formato.<br \/>\nBeneficios:<br \/>\nTraiga su empaque de bl\u00edster internamente en lugar de reservar tiempo en las l\u00edneas de producci\u00f3n o subcontratar a un tercero: minimiza las demoras, lo que permite que su nuevo medicamento llegue al mercado antes.<br \/>\nConfiguraci\u00f3n r\u00e1pida y f\u00e1cil: no se requieren conocimientos especializados para operar, por lo que no es necesario que un ingeniero est\u00e9 presente.<br \/>\nDise\u00f1o compacto y port\u00e1til.<br \/>\nJornen puede dise\u00f1ar tus nuevos blisters; esto es especialmente \u00fatil para los clientes que realizan ensayos cl\u00ednicos. Podemos asesorarlos sobre c\u00f3mo racionalizar la cantidad de herramientas necesarias, incluso si el laboratorio necesita envasar muchos productos diferentes.<br \/>\nCompletamente cGMP, por lo que es r\u00e1pido de limpiar: requiere 5 minutos<br \/>\nCambio r\u00e1pido: reduce el tiempo de inactividad entre lotes de producci\u00f3n.<br \/>\nSolicitud:<br \/>\nBlister Machine BMP100 es ideal para producir peque\u00f1os lotes de blisters de alta calidad en:<br \/>\nLaboratorios de Investigaci\u00f3n y Desarrollo Farmac\u00e9utico, Ensayos Cl\u00ednicos, Estudios de Estabilidad, Desarrollo de Envases, Departamentos de Marketing, Muestras, Producci\u00f3n Farmac\u00e9utica y Envasado.<br \/>\nEsta m\u00e1quina empacadora de blister puede adoptar la estructura completamente cerrada y la puerta de seguridad (opcional), de acuerdo con los estrictos est\u00e1ndares de seguridad.<br \/>\nVea nuestras m\u00e1quinas en funcionamiento en la empresa farmac\u00e9utica<br \/>\n<a href=\"https:\/\/www.jornen.com\/news\/reference\/factory\/\">https:\/\/www.jornen.com\/news\/reference\/factory\/<\/a><br \/>\nPrincipales par\u00e1metros t\u00e9cnicos:<br \/>\nm\u00e1x. Velocidad: alu\/pvc 25 punzones\/min.; alu\/alu 15 punzones\/min.<br \/>\nm\u00e1x. Rendimiento: 25 ampollas\/min. (tama\u00f1o de la ampolla 57 \u00d7 80 mm)<br \/>\nm\u00e1x. \u00c1rea de formaci\u00f3n: 100 \u00d7 120 mm<br \/>\nProfundidad m\u00e1xima de formaci\u00f3n: 12 mm<br \/>\nMaterial: m\u00e1x. ancho: 100 mm<br \/>\nPotencia de la m\u00e1quina: 2.3kw<br \/>\nDimensi\u00f3n de la m\u00e1quina (LxWxH): 1900 \u00d7 717 \u00d7 1383 mm<br \/>\nPeso de la m\u00e1quina: 450 kg<\/p>\n","protected":false},"excerpt":{"rendered":"<p>Los videos de esta M\u00e1quina Blister: https:\/\/youtu.be\/IFnTGAvtcxI Las caracter\u00edsticas de la M\u00e1quina Blister BMP100: BMP100 es una m\u00e1quina empacadora de blister compacta, personalizable y comercialmente competitiva para laboratorios de ensayos cl\u00ednicos e instalaciones que requieren soluciones de empaque de bajo volumen. Produce peque\u00f1os lotes de todo tipo de blisters, incluidos termoformados y formados en fr\u00edo. Interfaz de usuario f\u00e1cil. Dise\u00f1o compacto que ahorra espacio para un conveniente empaque en bl\u00edster. Configuraci\u00f3n r\u00e1pida y m\u00ednima capacitaci\u00f3n requerida. Cambio sin herramientas para piezas de formato. Beneficios: Traiga su empaque de bl\u00edster internamente en lugar de reservar tiempo en las l\u00edneas de producci\u00f3n o subcontratar a un tercero: minimiza las demoras, lo que permite que su nuevo medicamento llegue al mercado antes. Configuraci\u00f3n r\u00e1pida y f\u00e1cil: no se &hellip; <\/p>\n","protected":false},"featured_media":927,"template":"","meta":[],"product_cat":[22],"product_tag":[],"class_list":{"0":"post-381","1":"product","2":"type-product","3":"status-publish","4":"has-post-thumbnail","6":"product_cat-maquinas-blister","8":"first","9":"instock","10":"shipping-taxable","11":"product-type-simple"},"_links":{"self":[{"href":"https:\/\/www.jornen.es\/index.php?rest_route=\/wp\/v2\/product\/381","targetHints":{"allow":["GET"]}}],"collection":[{"href":"https:\/\/www.jornen.es\/index.php?rest_route=\/wp\/v2\/product"}],"about":[{"href":"https:\/\/www.jornen.es\/index.php?rest_route=\/wp\/v2\/types\/product"}],"wp:featuredmedia":[{"embeddable":true,"href":"https:\/\/www.jornen.es\/index.php?rest_route=\/wp\/v2\/media\/927"}],"wp:attachment":[{"href":"https:\/\/www.jornen.es\/index.php?rest_route=%2Fwp%2Fv2%2Fmedia&parent=381"}],"wp:term":[{"taxonomy":"product_cat","embeddable":true,"href":"https:\/\/www.jornen.es\/index.php?rest_route=%2Fwp%2Fv2%2Fproduct_cat&post=381"},{"taxonomy":"product_tag","embeddable":true,"href":"https:\/\/www.jornen.es\/index.php?rest_route=%2Fwp%2Fv2%2Fproduct_tag&post=381"}],"curies":[{"name":"wp","href":"https:\/\/api.w.org\/{rel}","templated":true}]}}