{"id":385,"date":"2024-07-02T09:03:00","date_gmt":"2024-07-02T01:03:00","guid":{"rendered":"http:\/\/testes.jornen.com\/?post_type=product&#038;p=385"},"modified":"2024-07-02T10:57:41","modified_gmt":"2024-07-02T02:57:41","slug":"dph260h3-maquina-blister","status":"publish","type":"product","link":"https:\/\/www.jornen.es\/?product=dph260h3-maquina-blister","title":{"rendered":"DPH260H3 M\u00e1quina Blister"},"content":{"rendered":"<div>\n<div>El video de esta m\u00e1quina:<br \/>\n<a href=\"https:\/\/youtu.be\/hv7JlPTuaEA\">https:\/\/youtu.be\/hv7JlPTuaEA<\/a><br \/>\nDe acuerdo con diferentes materiales de empaque y principios de formaci\u00f3n, los blister pueden dividirse principalmente en dos tipos: blister de aluminio \/ pl\u00e1stico (termoformado) y blister de aluminio \/ aluminio (conformado en fr\u00edo).<br \/>\nLas ventajas del termoformado en bl\u00edster:<br \/>\n&gt; Puede examinar visualmente el producto a trav\u00e9s del pl\u00e1stico transparente, es f\u00e1cil rechazar la tarjeta bl\u00edster de fallas tanto inspeccionando la c\u00e1mara como a simple vista.<br \/>\n&gt; El material m\u00e1s b\u00e1sico para la banda de conformado es el PVC, es de bajo costo y facilidad de termoformado.<br \/>\n&gt; Debido a que la cavidad o bolsillo contiene el art\u00edculo c\u00f3modamente para que pueda adoptar un alimentador universal, es de bajo costo y f\u00e1cil operaci\u00f3n.<br \/>\nLas desventajas del blister termoformado:<br \/>\n&gt; Las malas propiedades protectoras debido a la mala barrera contra la entrada de humedad y la entrada de ox\u00edgeno;<br \/>\nLas ventajas del blister de conformado en fr\u00edo:<br \/>\n&gt; El uso de aluminio ofrece una barrera casi completa para el agua, la luz y el ox\u00edgeno, lo que permite una fecha de vencimiento extendida del producto.<br \/>\nLas desventajas del bl\u00edster de conformado en fr\u00edo son:<br \/>\n&gt; La menor velocidad de producci\u00f3n en comparaci\u00f3n con el termoformado;<br \/>\n&gt; La falta de transparencia del paquete aumenta la dificultad para inspeccionar el sistema para rechazar la tarjeta bl\u00edster de fallas;<br \/>\n&gt; El tama\u00f1o m\u00e1s grande de la tarjeta bl\u00edster (el aluminio no se puede formar con \u00e1ngulos cercanos a los 90 grados), aumenta el costo.<br \/>\n&gt; El material de formaci\u00f3n de la pel\u00edcula de aluminio es m\u00e1s caro que el pvc.<br \/>\n&gt; Debido a que la cavidad o bolsillo es m\u00e1s grande que el art\u00edculo, el alimentador debe estar dedicado, lo que aumenta el costo y la dificultad de operaci\u00f3n.<br \/>\nPara aprovechar la ventaja anterior y eliminar la desventaja, esta industria lanz\u00f3 el tercer tipo de bl\u00edster: bl\u00edster de aluminio \/ pl\u00e1stico \/ aluminio.<br \/>\nEste tipo de m\u00e1quina bl\u00edster agrega una estaci\u00f3n de formaci\u00f3n de aluminio tropical y una segunda estaci\u00f3n de sellado para permitir que el paquete de bl\u00edster termoformado de pl\u00e1stico se selle nuevamente con aluminio tropical formado.<br \/>\nDebido a que el art\u00edculo se llena en un bolsillo o cavidad de termoformado para que pueda adoptar un alimentador universal, es de bajo costo y f\u00e1cil de operar.<br \/>\nLa c\u00e1mara de inspecci\u00f3n puede detectar f\u00e1cilmente la tarjeta bl\u00edster defectuosa debido a la transparencia del pl\u00e1stico termoformado.<br \/>\nEl aluminio tropical tiene la misma propiedad que el aluminio de formaci\u00f3n en fr\u00edo que puede ofrecer una barrera casi completa para el agua, la luz y el ox\u00edgeno, protegiendo perfectamente el medicamento.<br \/>\nLas caracter\u00edsticas de la m\u00e1quina de envasado en blister DPH260H3<br \/>\n&gt; La unidad de aluminio \/ pvc adopta un \u00e1rea de formaci\u00f3n m\u00e1s grande y un sellado de estilo rotativo que aumenta la velocidad.<br \/>\n&gt; La estaci\u00f3n de formaci\u00f3n de alu tropical tiene un \u00e1rea de formaci\u00f3n m\u00e1s grande y un mayor requisito de producci\u00f3n.<br \/>\n&gt; La segunda estaci\u00f3n de sellado tiene un \u00e1rea de sellado m\u00e1s grande para permitir que el paquete de bl\u00edster termoformado de pl\u00e1stico se selle con aluminio tropical formado a una mayor capacidad de salida.<br \/>\n&gt; La estaci\u00f3n de perforaci\u00f3n puede adoptar el tipo de cruce, el desperdicio de recorte es de aproximadamente 1 mm entre dos ampollas; puede ahorrar m\u00e1s material.<br \/>\n&gt; Gracias al estilo de sellado giratorio (alu-pvc) y al \u00e1rea de sellado y formaci\u00f3n de aluminio tropical m\u00e1s grande, la m\u00e1quina archiva un alto rendimiento, para el tama\u00f1o de 98 mm * 70 mm, la salida puede ser de hasta 180 tarjetas blister \/ minuto (DPH260H3) y 270 blister tarjetas \/ minutos (DPH350H3).<br \/>\nVea nuestras m\u00e1quinas en funcionamiento en la empresa farmac\u00e9utica<\/div>\n<\/div>\n<div><a href=\"https:\/\/www.jornen.com\/news\/reference\/factory\/\">https:\/\/www.jornen.com\/news\/reference\/factory\/<\/a><\/div>\n<div>\n<div>Max. Velocidad: alu \/ pvc \/ alu 105 golpes \/ min.<br \/>\nProfundidad m\u00e1xima de formaci\u00f3n: 12 mm<br \/>\nMaterial: M\u00e1x. ancho 265mm<br \/>\nPoder de la m\u00e1quina: 25kw<br \/>\nDimensi\u00f3n de la m\u00e1quina: 7000 \u00d7 1300 \u00d7 2000 mm<br \/>\nPeso de la m\u00e1quina: 4500 kg<\/div>\n<\/div>\n","protected":false},"excerpt":{"rendered":"<p>El video de esta m\u00e1quina: https:\/\/youtu.be\/hv7JlPTuaEA De acuerdo con diferentes materiales de empaque y principios de formaci\u00f3n, los blister pueden dividirse principalmente en dos tipos: blister de aluminio \/ pl\u00e1stico (termoformado) y blister de aluminio \/ aluminio (conformado en fr\u00edo). Las ventajas del termoformado en bl\u00edster: &gt; Puede examinar visualmente el producto a trav\u00e9s del pl\u00e1stico transparente, es f\u00e1cil rechazar la tarjeta bl\u00edster de fallas tanto inspeccionando la c\u00e1mara como a simple vista. &gt; El material m\u00e1s b\u00e1sico para la banda de conformado es el PVC, es de bajo costo y facilidad de termoformado. &gt; Debido a que la cavidad o bolsillo contiene el art\u00edculo c\u00f3modamente para que pueda adoptar un alimentador universal, es de bajo costo y f\u00e1cil operaci\u00f3n. Las desventajas del blister termoformado: &hellip; <\/p>\n","protected":false},"featured_media":386,"template":"","meta":[],"product_cat":[22],"product_tag":[],"class_list":{"0":"post-385","1":"product","2":"type-product","3":"status-publish","4":"has-post-thumbnail","6":"product_cat-maquinas-blister","8":"first","9":"instock","10":"shipping-taxable","11":"product-type-simple"},"_links":{"self":[{"href":"https:\/\/www.jornen.es\/index.php?rest_route=\/wp\/v2\/product\/385","targetHints":{"allow":["GET"]}}],"collection":[{"href":"https:\/\/www.jornen.es\/index.php?rest_route=\/wp\/v2\/product"}],"about":[{"href":"https:\/\/www.jornen.es\/index.php?rest_route=\/wp\/v2\/types\/product"}],"wp:featuredmedia":[{"embeddable":true,"href":"https:\/\/www.jornen.es\/index.php?rest_route=\/wp\/v2\/media\/386"}],"wp:attachment":[{"href":"https:\/\/www.jornen.es\/index.php?rest_route=%2Fwp%2Fv2%2Fmedia&parent=385"}],"wp:term":[{"taxonomy":"product_cat","embeddable":true,"href":"https:\/\/www.jornen.es\/index.php?rest_route=%2Fwp%2Fv2%2Fproduct_cat&post=385"},{"taxonomy":"product_tag","embeddable":true,"href":"https:\/\/www.jornen.es\/index.php?rest_route=%2Fwp%2Fv2%2Fproduct_tag&post=385"}],"curies":[{"name":"wp","href":"https:\/\/api.w.org\/{rel}","templated":true}]}}