{"id":394,"date":"2024-07-02T09:28:29","date_gmt":"2024-07-02T01:28:29","guid":{"rendered":"http:\/\/testes.jornen.com\/?post_type=product&#038;p=394"},"modified":"2024-07-02T09:28:29","modified_gmt":"2024-07-02T01:28:29","slug":"bmp180-maquina-blister","status":"publish","type":"product","link":"https:\/\/www.jornen.es\/?product=bmp180-maquina-blister","title":{"rendered":"BMP180 M\u00e1quina Blister"},"content":{"rendered":"<div>\n<div>V\u00eddeos de esta m\u00e1quina de blister:<\/div>\n<div><a href=\"https:\/\/youtu.be\/LzKKcwNzjIA\">https:\/\/youtu.be\/LzKKcwNzjIA<\/a><\/div>\n<div>L\u00ednea de envasado en blister 120<\/div>\n<div><a href=\"https:\/\/youtu.be\/EdFXkFpHK8I\">https:\/\/youtu.be\/EdFXkFpHK8I<\/a><\/div>\n<div>Las caracter\u00edsticas de BMP 180:<\/div>\n<div>\u00b7 BMP180 es compacto y adecuado para el envasado en bl\u00edster de c\u00e1psulas, tabletas, p\u00edldoras, etc., para producci\u00f3n de lotes peque\u00f1os.<\/div>\n<div>\u00b7 Cambio de formato extremadamente sencillo.<\/div>\n<div>\u00b7 La estructura principal tiene una partici\u00f3n vertical para separar la secci\u00f3n de conducci\u00f3n (trasera) de las zonas de operaci\u00f3n (frontal).<\/div>\n<div>. Dise\u00f1o en voladizo (tipo balc\u00f3n) que cumple con GMP para una limpieza f\u00e1cil y que cumple con las normas farmac\u00e9uticas.<\/div>\n<div>. Adopta un indicador de posici\u00f3n digital para lograr un ajuste sencillo.<\/div>\n<div>\u00b7 La presi\u00f3n de sellado adopta el cilindro de presi\u00f3n hidr\u00e1ulica de gas, por lo que la presi\u00f3n se puede ajustar libremente seg\u00fan el \u00e1rea de sellado (com\u00fanmente, un \u00e1rea de sellado m\u00e1s grande requiere una presi\u00f3n m\u00e1s alta).<\/div>\n<div>\u00b7 La longitud del bl\u00edster se puede configurar libremente a trav\u00e9s de la interfaz de usuario de la pantalla t\u00e1ctil, lo que reduce el tiempo de cambio de formato.<\/div>\n<div>\u00b7 La longitud del bl\u00edster se puede configurar a trav\u00e9s de la interfaz de usuario de pantalla t\u00e1ctil, lo que reduce el tiempo de cambio de formato.<\/div>\n<div>\u00b7 Las placas superior e inferior adoptan un m\u00e9todo de calentamiento por contacto que reduce significativamente la temperatura de formaci\u00f3n. De este modo, se minimizan la contracci\u00f3n, la deformaci\u00f3n del material de embalaje y el consumo de energ\u00eda.<\/div>\n<div>\u00b7 El uso de un m\u00e9todo de bloqueo r\u00e1pido permite reemplazar f\u00e1cilmente el material de la tapa en 10 segundos.<\/div>\n<div>\u00b7 Es adecuado para envases blister de pl\u00e1stico termoformado y aluminio conformado en fr\u00edo.<\/div>\n<div><a href=\"https:\/\/www.jornen.com\/news\/reference\/factory\/\">Vea el rendimiento de nuestra m\u00e1quina.<\/a><\/div>\n<\/div>\n<div>Principales par\u00e1metros t\u00e9cnicos:<\/div>\n<div>\n<div>M\u00e1x. Velocidad: alu\/alu 40punzones\/min. aluminio\/pvc 50 punzones\/min.<\/div>\n<div>M\u00e1x. Producci\u00f3n: 150 ampollas\/min. (ampolla de aluminio\/pvc tama\u00f1o 57\u00d7 80 mm)<\/div>\n<div>M\u00e1x. \u00c1rea de formaci\u00f3n: 170\u00d7120 mm<\/div>\n<div>Profundidad m\u00e1xima de formaci\u00f3n: 15 mm<\/div>\n<div>Material: M\u00e1x. ancho 180 mm<\/div>\n<div>Potencia de la m\u00e1quina: 8,5 kw<\/div>\n<div>Dimensi\u00f3n de la m\u00e1quina: 3650\u00d7800\u00d71900mm<\/div>\n<div>Peso de la m\u00e1quina: 900 kg<\/div>\n<\/div>\n","protected":false},"excerpt":{"rendered":"<p>V\u00eddeos de esta m\u00e1quina de blister: https:\/\/youtu.be\/LzKKcwNzjIA L\u00ednea de envasado en blister 120 https:\/\/youtu.be\/EdFXkFpHK8I Las caracter\u00edsticas de BMP 180: \u00b7 BMP180 es compacto y adecuado para el envasado en bl\u00edster de c\u00e1psulas, tabletas, p\u00edldoras, etc., para producci\u00f3n de lotes peque\u00f1os. \u00b7 Cambio de formato extremadamente sencillo. \u00b7 La estructura principal tiene una partici\u00f3n vertical para separar la secci\u00f3n de conducci\u00f3n (trasera) de las zonas de operaci\u00f3n (frontal). . Dise\u00f1o en voladizo (tipo balc\u00f3n) que cumple con GMP para una limpieza f\u00e1cil y que cumple con las normas farmac\u00e9uticas. . Adopta un indicador de posici\u00f3n digital para lograr un ajuste sencillo. \u00b7 La presi\u00f3n de sellado adopta el cilindro de presi\u00f3n hidr\u00e1ulica de gas, por lo que la presi\u00f3n se puede ajustar libremente seg\u00fan el \u00e1rea &hellip; <\/p>\n","protected":false},"featured_media":395,"template":"","meta":[],"product_cat":[22],"product_tag":[],"class_list":{"0":"post-394","1":"product","2":"type-product","3":"status-publish","4":"has-post-thumbnail","6":"product_cat-maquinas-blister","8":"first","9":"instock","10":"shipping-taxable","11":"product-type-simple"},"_links":{"self":[{"href":"https:\/\/www.jornen.es\/index.php?rest_route=\/wp\/v2\/product\/394","targetHints":{"allow":["GET"]}}],"collection":[{"href":"https:\/\/www.jornen.es\/index.php?rest_route=\/wp\/v2\/product"}],"about":[{"href":"https:\/\/www.jornen.es\/index.php?rest_route=\/wp\/v2\/types\/product"}],"wp:featuredmedia":[{"embeddable":true,"href":"https:\/\/www.jornen.es\/index.php?rest_route=\/wp\/v2\/media\/395"}],"wp:attachment":[{"href":"https:\/\/www.jornen.es\/index.php?rest_route=%2Fwp%2Fv2%2Fmedia&parent=394"}],"wp:term":[{"taxonomy":"product_cat","embeddable":true,"href":"https:\/\/www.jornen.es\/index.php?rest_route=%2Fwp%2Fv2%2Fproduct_cat&post=394"},{"taxonomy":"product_tag","embeddable":true,"href":"https:\/\/www.jornen.es\/index.php?rest_route=%2Fwp%2Fv2%2Fproduct_tag&post=394"}],"curies":[{"name":"wp","href":"https:\/\/api.w.org\/{rel}","templated":true}]}}