{"id":396,"date":"2024-07-02T09:29:49","date_gmt":"2024-07-02T01:29:49","guid":{"rendered":"http:\/\/testes.jornen.com\/?post_type=product&#038;p=396"},"modified":"2024-07-02T09:29:49","modified_gmt":"2024-07-02T01:29:49","slug":"bmp270-maquina-blister","status":"publish","type":"product","link":"https:\/\/www.jornen.es\/?product=bmp270-maquina-blister","title":{"rendered":"BMP270 M\u00e1quina Blister"},"content":{"rendered":"<div>\n<div>\n<div>V\u00eddeos de esta m\u00e1quina de blister:<\/div>\n<div>L\u00ednea de envasado en bl\u00edster BMP270-ZH150:<\/div>\n<div><a href=\"https:\/\/youtu.be\/qvvx10zfS4E\">https:\/\/youtu.be\/qvvx10zfS4E<\/a><\/div>\n<div>M\u00e1quina Blister BMP270:<\/div>\n<div><a href=\"https:\/\/youtu.be\/aX94C0AXvwU\">https:\/\/youtu.be\/aX94C0AXvwU<\/a><\/div>\n<div>Varios tipos de alimentadores de ampollas:<\/div>\n<div><a href=\"https:\/\/youtu.be\/bpl69Yw9H80\">https:\/\/youtu.be\/bpl69Yw9H80<\/a><\/div>\n<div>. La estructura principal tiene una partici\u00f3n vertical para separar la secci\u00f3n de conducci\u00f3n (trasera) de las zonas operativas (frontal).<\/div>\n<div>. Dise\u00f1o en voladizo compatible con GMP (tipo balc\u00f3n) para una limpieza f\u00e1cil y farmac\u00e9uticamente compatible.<\/div>\n<div>. Adopta un indicador de posici\u00f3n digital que logra un ajuste sencillo.<\/div>\n<div>. Equipado con bloqueo de formato, sistema de posicionamiento y dise\u00f1o de ajuste r\u00e1pido y sin herramientas, logra un cambio de formato extremadamente sencillo (nuevo).<\/div>\n<div>. En la estaci\u00f3n de sellado, cuando la m\u00e1quina se detiene, el molde de sellado de calentamiento puede elevarse autom\u00e1ticamente para evitar que el aire caliente entre en las bolsas de las ampollas para preservar la eficacia del medicamento.<\/div>\n<div>. La presi\u00f3n de sellado adopta el cilindro de presi\u00f3n hidr\u00e1ulica de gas, por lo que la presi\u00f3n se puede configurar libremente de acuerdo con el \u00e1rea de sellado (com\u00fanmente, un \u00e1rea de sellado m\u00e1s grande requiere una presi\u00f3n m\u00e1s alta) (nuevo).<\/div>\n<div>. Esta m\u00e1quina est\u00e1 equipada con un empalmador de material de formaci\u00f3n integrado para mejorar la eficiencia durante el reemplazo del material.<\/div>\n<div>. Las placas superior e inferior adoptan un m\u00e9todo de calentamiento por contacto que reduce significativamente la temperatura de formaci\u00f3n. Por lo tanto, se minimizan la contracci\u00f3n, la deformaci\u00f3n del material de embalaje y el consumo de energ\u00eda.<\/div>\n<div>. El uso de un dise\u00f1o de ajuste r\u00e1pido permite reemplazar f\u00e1cilmente el material de tapa en 10 segundos.<\/div>\n<div>. La longitud del bl\u00edster se puede configurar libremente a trav\u00e9s de la interfaz de usuario de pantalla t\u00e1ctil, lo que reduce el tiempo para un cambio de formato.<\/div>\n<p>Vea nuestras m\u00e1quinas en funcionamiento en la empresa farmac\u00e9utica<\/p><\/div>\n<\/div>\n<div><a href=\"https:\/\/www.jornen.com\/news\/reference\/factory\/\">https:\/\/www.jornen.com\/news\/reference\/factory\/<\/a><\/div>\n<div>\u00a0Max. Velocidad: alu \/ alu 40punches \/ min. alu \/ pvc 60 punzones \/ min.<br \/>\nMax. Salida: 200 bl\u00edsteres \/ min. (blister de aluminio \/ pvc tama\u00f1o 57 \u00d7 80 mm)<br \/>\nMax. \u00c1rea de formaci\u00f3n: 265 \u00d7 160 mm<br \/>\nProfundidad m\u00e1xima de formaci\u00f3n: 17 mm<br \/>\nMaterial: M\u00e1x. ancho 275mm<br \/>\nPoder de la m\u00e1quina: 13.6kw<br \/>\nDimensi\u00f3n de la m\u00e1quina: 4700\u00d71200\u00d72100mm (5 estaciones);\u00a04500\u00d71200\u00d72100mm\u00a0(4 estaciones)<br \/>\nPeso de la m\u00e1quina: 2200kg<\/div>\n","protected":false},"excerpt":{"rendered":"<p>V\u00eddeos de esta m\u00e1quina de blister: L\u00ednea de envasado en bl\u00edster BMP270-ZH150: https:\/\/youtu.be\/qvvx10zfS4E M\u00e1quina Blister BMP270: https:\/\/youtu.be\/aX94C0AXvwU Varios tipos de alimentadores de ampollas: https:\/\/youtu.be\/bpl69Yw9H80 . La estructura principal tiene una partici\u00f3n vertical para separar la secci\u00f3n de conducci\u00f3n (trasera) de las zonas operativas (frontal). . Dise\u00f1o en voladizo compatible con GMP (tipo balc\u00f3n) para una limpieza f\u00e1cil y farmac\u00e9uticamente compatible. . Adopta un indicador de posici\u00f3n digital que logra un ajuste sencillo. . Equipado con bloqueo de formato, sistema de posicionamiento y dise\u00f1o de ajuste r\u00e1pido y sin herramientas, logra un cambio de formato extremadamente sencillo (nuevo). . En la estaci\u00f3n de sellado, cuando la m\u00e1quina se detiene, el molde de sellado de calentamiento puede elevarse autom\u00e1ticamente para evitar que el aire caliente entre en &hellip; <\/p>\n","protected":false},"featured_media":397,"template":"","meta":[],"product_cat":[22],"product_tag":[],"class_list":{"0":"post-396","1":"product","2":"type-product","3":"status-publish","4":"has-post-thumbnail","6":"product_cat-maquinas-blister","8":"first","9":"instock","10":"shipping-taxable","11":"product-type-simple"},"_links":{"self":[{"href":"https:\/\/www.jornen.es\/index.php?rest_route=\/wp\/v2\/product\/396","targetHints":{"allow":["GET"]}}],"collection":[{"href":"https:\/\/www.jornen.es\/index.php?rest_route=\/wp\/v2\/product"}],"about":[{"href":"https:\/\/www.jornen.es\/index.php?rest_route=\/wp\/v2\/types\/product"}],"wp:featuredmedia":[{"embeddable":true,"href":"https:\/\/www.jornen.es\/index.php?rest_route=\/wp\/v2\/media\/397"}],"wp:attachment":[{"href":"https:\/\/www.jornen.es\/index.php?rest_route=%2Fwp%2Fv2%2Fmedia&parent=396"}],"wp:term":[{"taxonomy":"product_cat","embeddable":true,"href":"https:\/\/www.jornen.es\/index.php?rest_route=%2Fwp%2Fv2%2Fproduct_cat&post=396"},{"taxonomy":"product_tag","embeddable":true,"href":"https:\/\/www.jornen.es\/index.php?rest_route=%2Fwp%2Fv2%2Fproduct_tag&post=396"}],"curies":[{"name":"wp","href":"https:\/\/api.w.org\/{rel}","templated":true}]}}