{"id":398,"date":"2024-07-02T09:31:10","date_gmt":"2024-07-02T01:31:10","guid":{"rendered":"http:\/\/testes.jornen.com\/?post_type=product&#038;p=398"},"modified":"2024-07-02T09:31:49","modified_gmt":"2024-07-02T01:31:49","slug":"bmr270-maquina-blister","status":"publish","type":"product","link":"https:\/\/www.jornen.es\/?product=bmr270-maquina-blister","title":{"rendered":"BMR270 M\u00e1quina Blister"},"content":{"rendered":"<div>\n<div><span style=\"color: #333333; font-family: Verdana, Arial, Helvetica, sans-serif;\">V\u00eddeos de esta m\u00e1quina bl\u00edster:<\/span><br \/>\n<span style=\"color: #333333; font-family: Verdana, Arial, Helvetica, sans-serif;\"><a href=\"https:\/\/youtu.be\/zf9JITjr3Aw\">https:\/\/youtu.be\/zf9JITjr3Aw<\/a><\/span><br \/>\n<span style=\"color: #333333; font-family: Verdana, Arial, Helvetica, sans-serif;\">Varios tipos de Blister Feeder:<\/span><br \/>\n<a href=\"https:\/\/youtu.be\/bpl69Yw9H80\">https:\/\/youtu.be\/bpl69Yw9H80<\/a><br \/>\n<span style=\"color: #333333; font-family: Verdana, Arial, Helvetica, sans-serif;\">&gt; M\u00e1quina envasadora de bl\u00edster de alta velocidad, totalmente servoregulada, la culminaci\u00f3n de nuestros m\u00e1s de 30 a\u00f1os de experiencia profesional.<\/span><br \/>\n<span style=\"color: #333333; font-family: Verdana, Arial, Helvetica, sans-serif;\">&gt; La estructura principal tiene una partici\u00f3n vertical para separar la secci\u00f3n de accionamiento (trasera) de las zonas operativas (delantera).<\/span><br \/>\n<span style=\"color: #333333; font-family: Verdana, Arial, Helvetica, sans-serif;\">&gt; Disposici\u00f3n en voladizo (tipo balc\u00f3n) que cumple con las GMP para una limpieza f\u00e1cil y que cumple con las normas farmac\u00e9uticas.<\/span><br \/>\n<span style=\"color: #333333; font-family: Verdana, Arial, Helvetica, sans-serif;\">&gt; Tiene capacidad para bobinas de material de conformado de hasta 600 mm de di\u00e1metro y un cortador de recorte de material de desecho, lo que permite que la producci\u00f3n funcione sin interrupciones durante aproximadamente 90 minutos, reduciendo as\u00ed la frecuencia de reemplazo de material.<\/span><br \/>\n<span style=\"color: #333333; font-family: Verdana, Arial, Helvetica, sans-serif;\">&gt; Equipado con empalmador de material de conformado integrado para mejorar la eficiencia durante el reemplazo del material.<\/span><br \/>\n<span style=\"color: #333333; font-family: Verdana, Arial, Helvetica, sans-serif;\">&gt; Las placas superior e inferior adoptan un m\u00e9todo de calentamiento por contacto que reduce significativamente la temperatura de formaci\u00f3n. Por tanto, se minimizan la contracci\u00f3n, la deformaci\u00f3n del material de embalaje y el consumo de energ\u00eda.<\/span><br \/>\n<span style=\"color: #333333; font-family: Verdana, Arial, Helvetica, sans-serif;\">&gt; Equipado con bloqueo de formato, sistema de posicionamiento y dise\u00f1o de ajuste r\u00e1pido y sin herramientas, logra un cambio de formato extremadamente sencillo.<\/span><br \/>\n<span style=\"color: #333333; font-family: Verdana, Arial, Helvetica, sans-serif;\">&gt; \u00c1rea m\u00e1s grande de la estaci\u00f3n de formaci\u00f3n, estaci\u00f3n de sellado rotatorio, estaci\u00f3n de estampado y punzonado de alta velocidad, adecuada para la producci\u00f3n de lotes en masa.<\/span><br \/>\n<span style=\"color: #333333; font-family: Verdana, Arial, Helvetica, sans-serif;\">&gt; En la estaci\u00f3n de sellado, cuando la m\u00e1quina se detiene, el rodillo de sellado puede elevarse autom\u00e1ticamente, para evitar que el aire caliente entre en los bolsillos del bl\u00edster, de modo que se mantenga la efectividad del medicamento.<\/span><br \/>\n<span style=\"color: #333333; font-family: Verdana, Arial, Helvetica, sans-serif;\">&gt; El uso de un dise\u00f1o de ajuste r\u00e1pido permite reemplazar el material de la tapa f\u00e1cilmente en 10 segundos.<\/span><br \/>\n<span style=\"color: #333333; font-family: Verdana, Arial, Helvetica, sans-serif;\">&gt; Equipado con un empalmador de material de tapa integrado para mejorar la eficiencia durante el reemplazo del material.<\/span><br \/>\n<span style=\"color: #333333; font-family: Verdana, Arial, Helvetica, sans-serif;\">&gt; Adopta un cortador transversal que recoge f\u00e1cilmente su tarjeta bl\u00edster y rechaza el bl\u00edster defectuoso.<\/span><br \/>\n<span style=\"color: #333333; font-family: Verdana, Arial, Helvetica, sans-serif;\">&gt; El cortador sin desperdicio del tipo de marco de ventana ahorra materiales de embalaje (opcional).<\/span><br \/>\n<span style=\"color: #333333; font-family: Verdana, Arial, Helvetica, sans-serif;\">&gt; La longitud de indexaci\u00f3n del bl\u00edster se puede configurar libremente a trav\u00e9s de la interfaz de usuario de pantalla t\u00e1ctil, lo que reduce el tiempo de cambio de formato.<\/span><br \/>\n<span style=\"color: #333333; font-family: Verdana, Arial, Helvetica, sans-serif;\">&gt; Todas las piezas principales est\u00e1n hechas de acero inoxidable de primera calidad y material de aleaci\u00f3n de aluminio y est\u00e1n mecanizadas por m\u00e1quinas de herramientas CNC avanzadas de alta precisi\u00f3n.<\/span><br \/>\n<span style=\"color: #333333; font-family: Verdana, Arial, Helvetica, sans-serif;\">&gt; Adopta un indicador de posici\u00f3n digital que logra un ajuste sencillo.<\/span><br \/>\n<span style=\"color: #333333; font-family: Verdana, Arial, Helvetica, sans-serif;\">&gt; La puerta corrediza de dise\u00f1o ergon\u00f3mico asegura un funcionamiento seguro y conveniente.<\/span><br \/>\n<span style=\"color: #333333; font-family: Verdana, Arial, Helvetica, sans-serif;\">Vea nuestras m\u00e1quinas en funcionamiento en la empresa farmac\u00e9utica<\/span><\/div>\n<div><span style=\"color: #333333; font-family: Verdana, Arial, Helvetica, sans-serif;\"><a href=\"https:\/\/www.jornen.com\/news\/reference\/factory\/\">https:\/\/www.jornen.com\/news\/reference\/factory\/<\/a><\/span><\/div>\n<\/div>\n<div>\n<div>\n<div>Principales par\u00e1metros t\u00e9cnicos:<\/div>\n<div>Max. Velocidad: alu \/ pvc 200punzones \/ min.<br \/>\nMax. \u00c1rea de formaci\u00f3n: 260 \u00d7 250mm<br \/>\nProfundidad m\u00e1xima de formaci\u00f3n: 12mm<br \/>\nMaterial: M\u00e1x. ancho 270mm<br \/>\nPoder de la m\u00e1quina: 20kw<br \/>\nDimensi\u00f3n de la m\u00e1quina: 4000mm \u00d7 1200mm \u00d7 2000mm<br \/>\nPeso de la m\u00e1quina: 3000kg<\/div>\n<\/div>\n<\/div>\n","protected":false},"excerpt":{"rendered":"<p>V\u00eddeos de esta m\u00e1quina bl\u00edster: https:\/\/youtu.be\/zf9JITjr3Aw Varios tipos de Blister Feeder: https:\/\/youtu.be\/bpl69Yw9H80 &gt; M\u00e1quina envasadora de bl\u00edster de alta velocidad, totalmente servoregulada, la culminaci\u00f3n de nuestros m\u00e1s de 30 a\u00f1os de experiencia profesional. &gt; La estructura principal tiene una partici\u00f3n vertical para separar la secci\u00f3n de accionamiento (trasera) de las zonas operativas (delantera). &gt; Disposici\u00f3n en voladizo (tipo balc\u00f3n) que cumple con las GMP para una limpieza f\u00e1cil y que cumple con las normas farmac\u00e9uticas. &gt; Tiene capacidad para bobinas de material de conformado de hasta 600 mm de di\u00e1metro y un cortador de recorte de material de desecho, lo que permite que la producci\u00f3n funcione sin interrupciones durante aproximadamente 90 minutos, reduciendo as\u00ed la frecuencia de reemplazo de material. &gt; Equipado con empalmador de &hellip; <\/p>\n","protected":false},"featured_media":399,"template":"","meta":[],"product_cat":[22],"product_tag":[],"class_list":{"0":"post-398","1":"product","2":"type-product","3":"status-publish","4":"has-post-thumbnail","6":"product_cat-maquinas-blister","8":"first","9":"instock","10":"shipping-taxable","11":"product-type-simple"},"_links":{"self":[{"href":"https:\/\/www.jornen.es\/index.php?rest_route=\/wp\/v2\/product\/398","targetHints":{"allow":["GET"]}}],"collection":[{"href":"https:\/\/www.jornen.es\/index.php?rest_route=\/wp\/v2\/product"}],"about":[{"href":"https:\/\/www.jornen.es\/index.php?rest_route=\/wp\/v2\/types\/product"}],"wp:featuredmedia":[{"embeddable":true,"href":"https:\/\/www.jornen.es\/index.php?rest_route=\/wp\/v2\/media\/399"}],"wp:attachment":[{"href":"https:\/\/www.jornen.es\/index.php?rest_route=%2Fwp%2Fv2%2Fmedia&parent=398"}],"wp:term":[{"taxonomy":"product_cat","embeddable":true,"href":"https:\/\/www.jornen.es\/index.php?rest_route=%2Fwp%2Fv2%2Fproduct_cat&post=398"},{"taxonomy":"product_tag","embeddable":true,"href":"https:\/\/www.jornen.es\/index.php?rest_route=%2Fwp%2Fv2%2Fproduct_tag&post=398"}],"curies":[{"name":"wp","href":"https:\/\/api.w.org\/{rel}","templated":true}]}}