{"id":402,"date":"2024-07-02T09:35:51","date_gmt":"2024-07-02T01:35:51","guid":{"rendered":"http:\/\/testes.jornen.com\/?post_type=product&#038;p=402"},"modified":"2026-03-05T14:10:39","modified_gmt":"2026-03-05T06:10:39","slug":"estuchadora-zh500","status":"publish","type":"product","link":"https:\/\/www.jornen.es\/?product=estuchadora-zh500","title":{"rendered":"Estuchadora ZH500"},"content":{"rendered":"<p>El video de esta m\u00e1quina estuchadora (Blister Line 500P):<br \/>\n<a href=\"https:\/\/youtu.be\/rL2UG1RMhH8\">https:\/\/youtu.be\/rL2UG1RMhH8<\/a><br \/>\nLas caracter\u00edsticas de la m\u00e1quina estuchadora ZH500:<br \/>\nZH500 es la m\u00e1quina estuchadora de movimiento continuo m\u00e1s r\u00e1pida de nuestra empresa. Es adecuado para las industrias farmac\u00e9utica, alimentaria, de productos qu\u00edmicos dom\u00e9sticos, ferreter\u00eda y el\u00e9ctrica para el envasado de ampollas, botellas, viales, paquetes de almohadas, pasta de dientes, etc. , cierres plegables o termofusibles y descargan autom\u00e1ticamente las cajas de cart\u00f3n.<br \/>\nLa m\u00e1quina est\u00e1 equipada con una serie de sensores y dispositivos de protecci\u00f3n autom\u00e1ticos para asegurar que la m\u00e1quina funcione de manera segura y eficaz.<br \/>\nPuede conectarse con la m\u00e1quina de bl\u00edster, la m\u00e1quina de envasado de almohadas, la envoltura retr\u00e1ctil, etc., para formar una l\u00ednea de envasado.<br \/>\nEs la mejor opci\u00f3n para la producci\u00f3n en masa.<br \/>\nUnidades principales de esta m\u00e1quina estuchadora:<br \/>\nDispositivo de engranajes:<br \/>\nEl engranaje impulsa la cadena transportadora de cart\u00f3n y la cadena transportadora de tarjetas bl\u00edster que funcionan en continuo movimiento.<br \/>\nCadena transportadora de cart\u00f3n:<br \/>\nLa cadena transportadora de cajas se utiliza para transferir cajas abiertas a cada estaci\u00f3n, que puede completar autom\u00e1ticamente las acciones de insertar tarjetas bl\u00edster y folletos en las cajas, estampar, cerrar las cajas y descargar las cajas.<br \/>\nCadena transportadora de folletos:<br \/>\nLa cadena transportadora de folletos se aplica para enviar folletos doblados a la estaci\u00f3n de alimentaci\u00f3n del bl\u00edster, luego los folletos y las tarjetas bl\u00edster se insertan juntos en cajas de cart\u00f3n.<br \/>\nDispositivo de recogida de cart\u00f3n giratorio:<br \/>\nEl recogedor de cart\u00f3n giratorio con cuatro juegos de ventosas puede succionar los cartones del cargador de cartones, abrir el cart\u00f3n y colocarlo en el transportador de cartones.<br \/>\nDispositivo de plegado de folletos:<br \/>\nEl dispositivo de plegado de folletos puede hacer que el folleto se doble de uno a cuatro pliegues seg\u00fan la demanda del cliente.<br \/>\nDispositivo de inserci\u00f3n:<br \/>\nEl dispositivo de inserci\u00f3n puede empujar las tarjetas bl\u00edster dentro de la caja en movimiento continuo. Dispositivo de cargador de cart\u00f3n:<br \/>\nAdopte un cargador de cajas largas para aproximadamente 1000 cajas.<br \/>\nPar\u00e1metros t\u00e9cnicos principales<br \/>\nRendimiento m\u00e1x .: 500 cajas \/ min.<br \/>\nRango de tama\u00f1o de la caja: Max.200x90x60mm Min.75x30x15mm<br \/>\nPoder de la m\u00e1quina: 11kw<br \/>\nDimensi\u00f3n de la m\u00e1quina: 5600x1700x2100mm<br \/>\nPeso de la m\u00e1quina: 4300 kg<\/p>\n","protected":false},"excerpt":{"rendered":"<p>El video de esta m\u00e1quina estuchadora (Blister Line 500P): https:\/\/youtu.be\/rL2UG1RMhH8 Las caracter\u00edsticas de la m\u00e1quina estuchadora ZH500: ZH500 es la m\u00e1quina estuchadora de movimiento continuo m\u00e1s r\u00e1pida de nuestra empresa. Es adecuado para las industrias farmac\u00e9utica, alimentaria, de productos qu\u00edmicos dom\u00e9sticos, ferreter\u00eda y el\u00e9ctrica para el envasado de ampollas, botellas, viales, paquetes de almohadas, pasta de dientes, etc. , cierres plegables o termofusibles y descargan autom\u00e1ticamente las cajas de cart\u00f3n. La m\u00e1quina est\u00e1 equipada con una serie de sensores y dispositivos de protecci\u00f3n autom\u00e1ticos para asegurar que la m\u00e1quina funcione de manera segura y eficaz. Puede conectarse con la m\u00e1quina de bl\u00edster, la m\u00e1quina de envasado de almohadas, la envoltura retr\u00e1ctil, etc., para formar una l\u00ednea de envasado. Es la mejor opci\u00f3n para la producci\u00f3n &hellip; <\/p>\n","protected":false},"featured_media":953,"template":"","meta":[],"product_cat":[21],"product_tag":[],"class_list":{"0":"post-402","1":"product","2":"type-product","3":"status-publish","4":"has-post-thumbnail","6":"product_cat-maquina-estuchadora","8":"first","9":"instock","10":"shipping-taxable","11":"product-type-simple"},"_links":{"self":[{"href":"https:\/\/www.jornen.es\/index.php?rest_route=\/wp\/v2\/product\/402","targetHints":{"allow":["GET"]}}],"collection":[{"href":"https:\/\/www.jornen.es\/index.php?rest_route=\/wp\/v2\/product"}],"about":[{"href":"https:\/\/www.jornen.es\/index.php?rest_route=\/wp\/v2\/types\/product"}],"wp:featuredmedia":[{"embeddable":true,"href":"https:\/\/www.jornen.es\/index.php?rest_route=\/wp\/v2\/media\/953"}],"wp:attachment":[{"href":"https:\/\/www.jornen.es\/index.php?rest_route=%2Fwp%2Fv2%2Fmedia&parent=402"}],"wp:term":[{"taxonomy":"product_cat","embeddable":true,"href":"https:\/\/www.jornen.es\/index.php?rest_route=%2Fwp%2Fv2%2Fproduct_cat&post=402"},{"taxonomy":"product_tag","embeddable":true,"href":"https:\/\/www.jornen.es\/index.php?rest_route=%2Fwp%2Fv2%2Fproduct_tag&post=402"}],"curies":[{"name":"wp","href":"https:\/\/api.w.org\/{rel}","templated":true}]}}