{"id":405,"date":"2024-07-02T09:37:08","date_gmt":"2024-07-02T01:37:08","guid":{"rendered":"http:\/\/testes.jornen.com\/?post_type=product&#038;p=405"},"modified":"2024-07-02T09:37:08","modified_gmt":"2024-07-02T01:37:08","slug":"maquina-estuchadora-zh200","status":"publish","type":"product","link":"https:\/\/www.jornen.es\/?product=maquina-estuchadora-zh200","title":{"rendered":"Maquina Estuchadora ZH200"},"content":{"rendered":"<div>Los videos de esta m\u00e1quina estuchadora:<br \/>\nPara tarjeta bl\u00edster:\u00a0<a href=\"https:\/\/youtu.be\/7etIlCn5BTs\">https:\/\/youtu.be\/7etIlCn5BTs<\/a><br \/>\nPara vial:\u00a0<a href=\"https:\/\/youtu.be\/SKa8ETa0WyU\">https:\/\/youtu.be\/SKa8ETa0WyU<\/a><br \/>\nLas caracter\u00edsticas de la m\u00e1quina estuchadora ZH200:<br \/>\nLa ZH300 es una m\u00e1quina encartonadora de movimiento continuo, adecuada para el envasado de bl\u00edsteres, botellas, viales, paquetes tipo almohada, etc. La m\u00e1quina funciona de manera estable y proporciona un cambio f\u00e1cil para diferentes tama\u00f1os de cajas. Puede doblar folletos, abrir cajas de cart\u00f3n, insertar los productos y folletos en cajas de cart\u00f3n, grabar cierres en relieve, plegar o fundir en caliente y descargar autom\u00e1ticamente las cajas de cart\u00f3n. La m\u00e1quina est\u00e1 equipada con una serie de sensores y dispositivos de protecci\u00f3n autom\u00e1ticos para asegurar que la m\u00e1quina funcione de manera segura y eficaz. Puede conectarse con la m\u00e1quina de bl\u00edster, la m\u00e1quina de envasado de almohadas, la envoltura retr\u00e1ctil, etc., para formar una l\u00ednea de envasado.<br \/>\nUnidades principales de esta m\u00e1quina estuchadora:<br \/>\nDispositivo de engranajes:<br \/>\nEl engranaje impulsa la cadena del transportador de cart\u00f3n y la cadena del transportador de bl\u00edster en movimiento continuo.<br \/>\nCadena transportadora de cart\u00f3n:<br \/>\nLa cadena transportadora de cajas se utiliza para transferir cajas abiertas a cada estaci\u00f3n, que puede completar autom\u00e1ticamente las acciones de inserci\u00f3n de tarjetas bl\u00edster y folletos en cajas, estampado, cierre de cajas, descarga de cajas.<br \/>\nCadena transportadora de folletos:<br \/>\nLa cadena transportadora de folletos se aplica para enviar folletos doblados a la estaci\u00f3n de alimentaci\u00f3n del bl\u00edster, luego los folletos y las tarjetas bl\u00edster se insertan juntos en cajas de cart\u00f3n.<br \/>\nDispositivo de recogida de cart\u00f3n rotativo:<br \/>\nEl recogedor de cart\u00f3n giratorio con cuatro juegos de ventosas puede succionar los cartones del cargador de cartones, abrir el cart\u00f3n y colocarlo en el transportador de cartones.<br \/>\nEl dispositivo de plegado de folletos:<br \/>\nEl dispositivo de plegado de folletos puede hacer que el folleto se doble de uno a cuatro pliegues seg\u00fan la demanda del cliente.<br \/>\nDispositivo de inserci\u00f3n:<br \/>\nEl dispositivo de inserci\u00f3n puede empujar las tarjetas bl\u00edster dentro de la caja en movimiento continuo.<br \/>\nDispositivo cargador de cart\u00f3n:<br \/>\nAdopte un cargador de cajas largas para aproximadamente 1000 cajas.<br \/>\nVea nuestras m\u00e1quinas en funcionamiento en la empresa farmac\u00e9utica<\/div>\n<div><a href=\"https:\/\/www.jornen.com\/news\/reference\/factory\/\">https:\/\/www.jornen.com\/news\/reference\/factory\/<\/a><\/div>\n<div>Par\u00e1metros t\u00e9cnicos principales<br \/>\nRendimiento m\u00e1x .: 200 cajas \/ min.<br \/>\nRango de tama\u00f1o de la caja: Max.210x100x65mm Min.65x30x17mm<br \/>\nPoder de la m\u00e1quina: 4.2KW<br \/>\nDimensi\u00f3n de la m\u00e1quina: 3756x1610x1800mm<br \/>\nPeso de la m\u00e1quina: 3000kg<\/div>\n","protected":false},"excerpt":{"rendered":"<p>Los videos de esta m\u00e1quina estuchadora: Para tarjeta bl\u00edster:\u00a0https:\/\/youtu.be\/7etIlCn5BTs Para vial:\u00a0https:\/\/youtu.be\/SKa8ETa0WyU Las caracter\u00edsticas de la m\u00e1quina estuchadora ZH200: La ZH300 es una m\u00e1quina encartonadora de movimiento continuo, adecuada para el envasado de bl\u00edsteres, botellas, viales, paquetes tipo almohada, etc. La m\u00e1quina funciona de manera estable y proporciona un cambio f\u00e1cil para diferentes tama\u00f1os de cajas. Puede doblar folletos, abrir cajas de cart\u00f3n, insertar los productos y folletos en cajas de cart\u00f3n, grabar cierres en relieve, plegar o fundir en caliente y descargar autom\u00e1ticamente las cajas de cart\u00f3n. La m\u00e1quina est\u00e1 equipada con una serie de sensores y dispositivos de protecci\u00f3n autom\u00e1ticos para asegurar que la m\u00e1quina funcione de manera segura y eficaz. Puede conectarse con la m\u00e1quina de bl\u00edster, la m\u00e1quina de envasado de almohadas, &hellip; <\/p>\n","protected":false},"featured_media":406,"template":"","meta":[],"product_cat":[21],"product_tag":[],"class_list":{"0":"post-405","1":"product","2":"type-product","3":"status-publish","4":"has-post-thumbnail","6":"product_cat-maquina-estuchadora","8":"first","9":"instock","10":"shipping-taxable","11":"product-type-simple"},"_links":{"self":[{"href":"https:\/\/www.jornen.es\/index.php?rest_route=\/wp\/v2\/product\/405","targetHints":{"allow":["GET"]}}],"collection":[{"href":"https:\/\/www.jornen.es\/index.php?rest_route=\/wp\/v2\/product"}],"about":[{"href":"https:\/\/www.jornen.es\/index.php?rest_route=\/wp\/v2\/types\/product"}],"wp:featuredmedia":[{"embeddable":true,"href":"https:\/\/www.jornen.es\/index.php?rest_route=\/wp\/v2\/media\/406"}],"wp:attachment":[{"href":"https:\/\/www.jornen.es\/index.php?rest_route=%2Fwp%2Fv2%2Fmedia&parent=405"}],"wp:term":[{"taxonomy":"product_cat","embeddable":true,"href":"https:\/\/www.jornen.es\/index.php?rest_route=%2Fwp%2Fv2%2Fproduct_cat&post=405"},{"taxonomy":"product_tag","embeddable":true,"href":"https:\/\/www.jornen.es\/index.php?rest_route=%2Fwp%2Fv2%2Fproduct_tag&post=405"}],"curies":[{"name":"wp","href":"https:\/\/api.w.org\/{rel}","templated":true}]}}