{"id":412,"date":"2024-07-02T09:45:47","date_gmt":"2024-07-02T01:45:47","guid":{"rendered":"http:\/\/testes.jornen.com\/?post_type=product&#038;p=412"},"modified":"2024-07-02T11:06:48","modified_gmt":"2024-07-02T03:06:48","slug":"estuchadora-vertical-zv60","status":"publish","type":"product","link":"https:\/\/www.jornen.es\/?product=estuchadora-vertical-zv60","title":{"rendered":"Estuchadora Vertical ZV60"},"content":{"rendered":"<div>\n<div>El video de esta m\u00e1quina:<\/div>\n<div><a href=\"https:\/\/youtu.be\/gmjtWVMJ0Ic\">https:\/\/youtu.be\/gmjtWVMJ0Ic<\/a><\/div>\n<p>La m\u00e1quina encartonadora vertical ZV60 es una estuchadora vertical de movimiento intermitente accionada mec\u00e1nicamente, es adecuada para empacar productos cosm\u00e9ticos y farmac\u00e9uticos que requieren carga vertical en una caja de cart\u00f3n a velocidades de hasta 60 cajas por minuto.<\/p>\n<\/div>\n<div>Los cartones pre-pegados est\u00e1ndar se extraen por vac\u00edo del cargador de cartones.<\/div>\n<div>La parte inferior de la caja de cart\u00f3n se cierra mediante m\u00e9todos de cierre por inmersi\u00f3n o de fusi\u00f3n en caliente, despu\u00e9s del cierre, la caja de cart\u00f3n se transfiere (verticalmente) al \u00e1rea de carga del producto.<\/div>\n<div>Los productos se pueden cargar manualmente en el cart\u00f3n verticalmente, los operadores pueden pararse o sentarse mientras se cargan en el \u00e1rea de carga manual dise\u00f1ada ergon\u00f3micamente, tambi\u00e9n puede adoptar sistemas de alimentaci\u00f3n autom\u00e1tica (opcional).<\/div>\n<div>Despu\u00e9s de cargar, la parte superior de la caja de cart\u00f3n est\u00e1 cerrada, hay disponibles m\u00e9todos de cierre plegado o termofusible.<\/div>\n<div>Al final de la m\u00e1quina, los cartones completados se descargan autom\u00e1ticamente de la m\u00e1quina a un convoyer.<\/div>\n<div>La m\u00e1quina puede conectarse con otros equipos de embalaje posteriores, como Overwrapper, Case Packer, etc., para formar una l\u00ednea de embalaje completa.<\/div>\n<div>Par\u00e1metros t\u00e9cnicos principales<br \/>\nRendimiento m\u00e1x .: 50 cajas \/ min.<br \/>\nRango de tama\u00f1o de la caja: Max.180x110x65mm Min.75x35x35<br \/>\nPoder de la m\u00e1quina: 4.65kw<br \/>\nDimensi\u00f3n de la m\u00e1quina: 4000x1500x1780mm<br \/>\nPeso de la m\u00e1quina: 1700 kg<\/div>\n","protected":false},"excerpt":{"rendered":"<p>El video de esta m\u00e1quina: https:\/\/youtu.be\/gmjtWVMJ0Ic La m\u00e1quina encartonadora vertical ZV60 es una estuchadora vertical de movimiento intermitente accionada mec\u00e1nicamente, es adecuada para empacar productos cosm\u00e9ticos y farmac\u00e9uticos que requieren carga vertical en una caja de cart\u00f3n a velocidades de hasta 60 cajas por minuto. Los cartones pre-pegados est\u00e1ndar se extraen por vac\u00edo del cargador de cartones. La parte inferior de la caja de cart\u00f3n se cierra mediante m\u00e9todos de cierre por inmersi\u00f3n o de fusi\u00f3n en caliente, despu\u00e9s del cierre, la caja de cart\u00f3n se transfiere (verticalmente) al \u00e1rea de carga del producto. Los productos se pueden cargar manualmente en el cart\u00f3n verticalmente, los operadores pueden pararse o sentarse mientras se cargan en el \u00e1rea de carga manual dise\u00f1ada ergon\u00f3micamente, tambi\u00e9n puede adoptar sistemas &hellip; <\/p>\n","protected":false},"featured_media":413,"template":"","meta":[],"product_cat":[21],"product_tag":[],"class_list":{"0":"post-412","1":"product","2":"type-product","3":"status-publish","4":"has-post-thumbnail","6":"product_cat-maquina-estuchadora","8":"first","9":"instock","10":"shipping-taxable","11":"product-type-simple"},"_links":{"self":[{"href":"https:\/\/www.jornen.es\/index.php?rest_route=\/wp\/v2\/product\/412","targetHints":{"allow":["GET"]}}],"collection":[{"href":"https:\/\/www.jornen.es\/index.php?rest_route=\/wp\/v2\/product"}],"about":[{"href":"https:\/\/www.jornen.es\/index.php?rest_route=\/wp\/v2\/types\/product"}],"wp:featuredmedia":[{"embeddable":true,"href":"https:\/\/www.jornen.es\/index.php?rest_route=\/wp\/v2\/media\/413"}],"wp:attachment":[{"href":"https:\/\/www.jornen.es\/index.php?rest_route=%2Fwp%2Fv2%2Fmedia&parent=412"}],"wp:term":[{"taxonomy":"product_cat","embeddable":true,"href":"https:\/\/www.jornen.es\/index.php?rest_route=%2Fwp%2Fv2%2Fproduct_cat&post=412"},{"taxonomy":"product_tag","embeddable":true,"href":"https:\/\/www.jornen.es\/index.php?rest_route=%2Fwp%2Fv2%2Fproduct_tag&post=412"}],"curies":[{"name":"wp","href":"https:\/\/api.w.org\/{rel}","templated":true}]}}