{"id":414,"date":"2024-07-02T10:13:36","date_gmt":"2024-07-02T02:13:36","guid":{"rendered":"http:\/\/testes.jornen.com\/?post_type=product&#038;p=414"},"modified":"2024-07-02T10:13:36","modified_gmt":"2024-07-02T02:13:36","slug":"linea-de-ampolla-bpl500r-empacacion-de-ampollas-almohadas-cartonia","status":"publish","type":"product","link":"https:\/\/www.jornen.es\/?product=linea-de-ampolla-bpl500r-empacacion-de-ampollas-almohadas-cartonia","title":{"rendered":"L\u00ednea de ampolla BPL500R (empacaci\u00f3n de ampollas\/almohadas\/carton\u00eda)"},"content":{"rendered":"<p>El video de esta l\u00ednea:<br \/>\n<a href=\"https:\/\/www.youtube.com\/watch?v=fMIOAI2qu1k\">https:\/\/www.youtube.com\/watch?v=fMIOAI2qu1k<\/a><br \/>\nEsta l\u00ednea de empaque de ampolla consta de tres unidades: una unidad de ampollas, una unidad de embalaje de almohadas y una unidad de cartoner\u00eda. La incorporaci\u00f3n del embalaje de almohadas despu\u00e9s del embalaje de ampollas puede mejorar significativamente las propiedades de barrera del empaque y prolongar la vida \u00fatil del medicamento.<br \/>\nToda la l\u00ednea consta de m\u00faltiples estaciones, cada una con un servo disco independiente. Estas estaciones pueden empaquetar drogas de dos maneras: 1. Embalaje de ampollas, embalaje de almohadas y cartonizaci\u00f3n; 2. Embalaje ampolloso y cartonero. Debido al servo control, es altamente flexible y puede cambiar f\u00e1cilmente entre los dos tipos de envasado.<br \/>\nLa unidad Blister presenta una estructura en voladizo, con el sistema de conducci\u00f3n completamente aislado del \u00e1rea de operaci\u00f3n. Esto facilita el mantenimiento y la limpieza diaria, previene la contaminaci\u00f3n cruzada y cumple con los requisitos farmac\u00e9uticos de GMP.<br \/>\nUn robot delta transfiere tarjetas de ampolla a la unidad de embalaje o carolina de almohadas para un embalaje eficiente y estable. Una vez que se completa el embalaje de la almohada, un robot de plato giratorio circular transfiere las bolsas a la unidad de cartoner\u00eda.<br \/>\nEl dispositivo de insertaci\u00f3n del producto en la unidad de cartoner\u00eda se coloca en la parte posterior de la m\u00e1quina. Este dise\u00f1o optimiza la ergonom\u00eda en comparaci\u00f3n con las m\u00e1quinas de cart\u00f3n tradicionales, donde el dispositivo de insertaci\u00f3n del producto se instala en la parte delantera y sobresale de la superficie de funcionamiento.<br \/>\nCuenta con un dise\u00f1o \u00fanico encerrado, quiz\u00e1s la l\u00ednea de ampolla m\u00e1s elegante del mundo.<br \/>\n<a href=\"https:\/\/www.jornen.com\/news\/reference\/factory\/\">Vea nuestras m\u00e1quinas en funcionamiento en la empresa farmac\u00e9utica.<\/a><\/p>\n","protected":false},"excerpt":{"rendered":"<p>El video de esta l\u00ednea: https:\/\/www.youtube.com\/watch?v=fMIOAI2qu1k Esta l\u00ednea de empaque de ampolla consta de tres unidades: una unidad de ampollas, una unidad de embalaje de almohadas y una unidad de cartoner\u00eda. La incorporaci\u00f3n del embalaje de almohadas despu\u00e9s del embalaje de ampollas puede mejorar significativamente las propiedades de barrera del empaque y prolongar la vida \u00fatil del medicamento. Toda la l\u00ednea consta de m\u00faltiples estaciones, cada una con un servo disco independiente. Estas estaciones pueden empaquetar drogas de dos maneras: 1. Embalaje de ampollas, embalaje de almohadas y cartonizaci\u00f3n; 2. Embalaje ampolloso y cartonero. Debido al servo control, es altamente flexible y puede cambiar f\u00e1cilmente entre los dos tipos de envasado. La unidad Blister presenta una estructura en voladizo, con el sistema de conducci\u00f3n completamente &hellip; <\/p>\n","protected":false},"featured_media":415,"template":"","meta":[],"product_cat":[24],"product_tag":[],"class_list":{"0":"post-414","1":"product","2":"type-product","3":"status-publish","4":"has-post-thumbnail","6":"product_cat-lineas-blister","8":"first","9":"instock","10":"shipping-taxable","11":"product-type-simple"},"_links":{"self":[{"href":"https:\/\/www.jornen.es\/index.php?rest_route=\/wp\/v2\/product\/414","targetHints":{"allow":["GET"]}}],"collection":[{"href":"https:\/\/www.jornen.es\/index.php?rest_route=\/wp\/v2\/product"}],"about":[{"href":"https:\/\/www.jornen.es\/index.php?rest_route=\/wp\/v2\/types\/product"}],"wp:featuredmedia":[{"embeddable":true,"href":"https:\/\/www.jornen.es\/index.php?rest_route=\/wp\/v2\/media\/415"}],"wp:attachment":[{"href":"https:\/\/www.jornen.es\/index.php?rest_route=%2Fwp%2Fv2%2Fmedia&parent=414"}],"wp:term":[{"taxonomy":"product_cat","embeddable":true,"href":"https:\/\/www.jornen.es\/index.php?rest_route=%2Fwp%2Fv2%2Fproduct_cat&post=414"},{"taxonomy":"product_tag","embeddable":true,"href":"https:\/\/www.jornen.es\/index.php?rest_route=%2Fwp%2Fv2%2Fproduct_tag&post=414"}],"curies":[{"name":"wp","href":"https:\/\/api.w.org\/{rel}","templated":true}]}}