{"id":418,"date":"2024-07-02T10:18:10","date_gmt":"2024-07-02T02:18:10","guid":{"rendered":"http:\/\/testes.jornen.com\/?post_type=product&#038;p=418"},"modified":"2024-07-02T10:18:10","modified_gmt":"2024-07-02T02:18:10","slug":"lineas-blister-500p","status":"publish","type":"product","link":"https:\/\/www.jornen.es\/?product=lineas-blister-500p","title":{"rendered":"L\u00edneas Blister 500P"},"content":{"rendered":"<p>El video de esta l\u00ednea:<br \/>\n<span style=\"color: #ff0000;\"><a href=\"https:\/\/youtu.be\/TLASXejQX1M\">https:\/\/youtu.be\/TLASXejQX1M<\/a><\/span><\/p>\n<div>. L\u00ednea de envasado de bl\u00edster \/ envasado de almohadas \/ estuchado de alta velocidad, totalmente servoregulada, la culminaci\u00f3n de nuestros m\u00e1s de 30 a\u00f1os de experiencia profesional.<\/div>\n<div>. Al integrar un m\u00f3dulo de bl\u00edster, envasado de almohadas y estuchado para el envasado de comprimidos y c\u00e1psulas farmac\u00e9uticas, de alta eficiencia y alta flexibilidad, la producci\u00f3n m\u00e1xima alcanza los 500 cartones \/, es ideal para la producci\u00f3n en masa.<\/div>\n<div>. Disposici\u00f3n en voladizo (tipo balc\u00f3n) compatible con GMP para una f\u00e1cil limpieza que cumple con las normas farmac\u00e9uticas.<\/div>\n<div>\u00b7 Procesa todos los productos de dosis s\u00f3lida comunes y todo tipo de material de formaci\u00f3n.<\/div>\n<div>\u00b7 La m\u00e1quina puede alcanzar 90 minutos de producci\u00f3n ininterrumpida gracias al m\u00f3dulo Blister con bobinas de material de conformado de hasta 600 mm de di\u00e1metro y cortadora de residuos de material.<\/div>\n<div>\u00b7 Capaz de todos los tipos est\u00e1ndar de sistemas de cierre para cajas de cart\u00f3n, desde suck-in hasta hot melt.<\/div>\n<div>\u00b7 El coraz\u00f3n de una Blister Line es la unidad de conexi\u00f3n; esta l\u00ednea tiene dos unidades de conexi\u00f3n, la unidad entre el bl\u00edster y el empaque tipo almohada y la unidad entre el empaque tipo almohada y el estuche. Gracias a la innovadora tecnolog\u00eda servoregulada, las tarjetas bl\u00edster se transfieren, colocan y alimentan a las unidades de empaquetado y empaquetado de forma precisa y sincr\u00f3nica. Estos controles precisos aseguran la estabilidad de alta velocidad de funcionamiento.<\/div>\n<div>\u00b7 Esta l\u00ednea adopta la estructura completamente cerrada y la puerta de seguridad; se alinea con los estrictos est\u00e1ndares de seguridad.<\/div>\n","protected":false},"excerpt":{"rendered":"<p>El video de esta l\u00ednea: https:\/\/youtu.be\/TLASXejQX1M . L\u00ednea de envasado de bl\u00edster \/ envasado de almohadas \/ estuchado de alta velocidad, totalmente servoregulada, la culminaci\u00f3n de nuestros m\u00e1s de 30 a\u00f1os de experiencia profesional. . Al integrar un m\u00f3dulo de bl\u00edster, envasado de almohadas y estuchado para el envasado de comprimidos y c\u00e1psulas farmac\u00e9uticas, de alta eficiencia y alta flexibilidad, la producci\u00f3n m\u00e1xima alcanza los 500 cartones \/, es ideal para la producci\u00f3n en masa. . Disposici\u00f3n en voladizo (tipo balc\u00f3n) compatible con GMP para una f\u00e1cil limpieza que cumple con las normas farmac\u00e9uticas. \u00b7 Procesa todos los productos de dosis s\u00f3lida comunes y todo tipo de material de formaci\u00f3n. \u00b7 La m\u00e1quina puede alcanzar 90 minutos de producci\u00f3n ininterrumpida gracias al m\u00f3dulo Blister con &hellip; <\/p>\n","protected":false},"featured_media":419,"template":"","meta":[],"product_cat":[24],"product_tag":[],"class_list":{"0":"post-418","1":"product","2":"type-product","3":"status-publish","4":"has-post-thumbnail","6":"product_cat-lineas-blister","8":"first","9":"instock","10":"shipping-taxable","11":"product-type-simple"},"_links":{"self":[{"href":"https:\/\/www.jornen.es\/index.php?rest_route=\/wp\/v2\/product\/418","targetHints":{"allow":["GET"]}}],"collection":[{"href":"https:\/\/www.jornen.es\/index.php?rest_route=\/wp\/v2\/product"}],"about":[{"href":"https:\/\/www.jornen.es\/index.php?rest_route=\/wp\/v2\/types\/product"}],"wp:featuredmedia":[{"embeddable":true,"href":"https:\/\/www.jornen.es\/index.php?rest_route=\/wp\/v2\/media\/419"}],"wp:attachment":[{"href":"https:\/\/www.jornen.es\/index.php?rest_route=%2Fwp%2Fv2%2Fmedia&parent=418"}],"wp:term":[{"taxonomy":"product_cat","embeddable":true,"href":"https:\/\/www.jornen.es\/index.php?rest_route=%2Fwp%2Fv2%2Fproduct_cat&post=418"},{"taxonomy":"product_tag","embeddable":true,"href":"https:\/\/www.jornen.es\/index.php?rest_route=%2Fwp%2Fv2%2Fproduct_tag&post=418"}],"curies":[{"name":"wp","href":"https:\/\/api.w.org\/{rel}","templated":true}]}}