{"id":426,"date":"2024-07-02T10:28:08","date_gmt":"2024-07-02T02:28:08","guid":{"rendered":"http:\/\/testes.jornen.com\/?post_type=product&#038;p=426"},"modified":"2024-07-02T11:18:17","modified_gmt":"2024-07-02T03:18:17","slug":"lineas-blister-400r","status":"publish","type":"product","link":"https:\/\/www.jornen.es\/?product=lineas-blister-400r","title":{"rendered":"L\u00edneas Blister 400R"},"content":{"rendered":"<p>El video de este Blister Line 400R:<br \/>\n<a href=\"https:\/\/youtu.be\/BpzCM0Plulc\">https:\/\/youtu.be\/BpzCM0Plulc<\/a><br \/>\nEsta l\u00ednea de bl\u00edster-estuchadora se combina con la m\u00e1quina blisteadora DPH350i y la estuchadora ZH400i.<br \/>\nMediante la integraci\u00f3n de un m\u00f3dulo blister y estuchador para el envasado y estuchado de comprimidos, c\u00e1psulas y ampollas farmac\u00e9uticas, esta l\u00ednea de envasado blister es la respuesta innovadora de Jornen a la necesidad de una operaci\u00f3n de alta eficiencia y bajo costo, flexibilidad y m\u00e1xima productividad para lotes masivos. producci\u00f3n.<br \/>\n\u00b7 Procesa todos los productos de dosis s\u00f3lida comunes y todo tipo de material de formaci\u00f3n.<br \/>\n\u00b7 La m\u00e1quina puede alcanzar 180 minutos de producci\u00f3n ininterrumpida gracias al m\u00f3dulo Blister con bobinas de material de conformado de hasta 600 mm de di\u00e1metro y un cortador de desbaste de material de desecho.<br \/>\n\u00b7 Capaz de todos los tipos est\u00e1ndar de sistemas de cierre para cajas de cart\u00f3n, desde suck-in hasta hot melt.<br \/>\n\u00b7 El coraz\u00f3n de una Blister Line es la conexi\u00f3n entre la Blister Machine y la Cartoner. En esta l\u00ednea, la fase de conexi\u00f3n es verdaderamente innovadora gracias a los brazos de recogida de tarjetas bl\u00edster rotativos y al cargador de conteo de bl\u00edsters que adoptan una tecnolog\u00eda servo precisa. Estos controlan con precisi\u00f3n la transferencia de ampollas, el rechazo de ampollas defectuoso, el posicionamiento y la alimentaci\u00f3n, etc., para asegurar la estabilidad de alta velocidad de funcionamiento.<br \/>\n\u00b7 La unidad blister y estuchadora se combinaron de manera \u00f3ptima en esta l\u00ednea, de menos de nueve metros de longitud, que permite un cambio f\u00e1cil para diferentes tama\u00f1os de formatos y cajas.<br \/>\n\u00b7 Esta l\u00ednea adopta la estructura completamente cerrada y la puerta de seguridad, est\u00e1 en l\u00ednea con los est\u00e1ndares de seguridad europeos m\u00e1s estrictos.<br \/>\nVea nuestras m\u00e1quinas en funcionamiento en la empresa farmac\u00e9utica<br \/>\n<a href=\"https:\/\/www.jornen.com\/news\/reference\/factory\/\">https:\/\/www.jornen.com\/news\/reference\/factory\/<\/a><\/p>\n","protected":false},"excerpt":{"rendered":"<p>El video de este Blister Line 400R: https:\/\/youtu.be\/BpzCM0Plulc Esta l\u00ednea de bl\u00edster-estuchadora se combina con la m\u00e1quina blisteadora DPH350i y la estuchadora ZH400i. Mediante la integraci\u00f3n de un m\u00f3dulo blister y estuchador para el envasado y estuchado de comprimidos, c\u00e1psulas y ampollas farmac\u00e9uticas, esta l\u00ednea de envasado blister es la respuesta innovadora de Jornen a la necesidad de una operaci\u00f3n de alta eficiencia y bajo costo, flexibilidad y m\u00e1xima productividad para lotes masivos. producci\u00f3n. \u00b7 Procesa todos los productos de dosis s\u00f3lida comunes y todo tipo de material de formaci\u00f3n. \u00b7 La m\u00e1quina puede alcanzar 180 minutos de producci\u00f3n ininterrumpida gracias al m\u00f3dulo Blister con bobinas de material de conformado de hasta 600 mm de di\u00e1metro y un cortador de desbaste de material de desecho. &hellip; <\/p>\n","protected":false},"featured_media":427,"template":"","meta":[],"product_cat":[24],"product_tag":[],"class_list":{"0":"post-426","1":"product","2":"type-product","3":"status-publish","4":"has-post-thumbnail","6":"product_cat-lineas-blister","8":"first","9":"instock","10":"shipping-taxable","11":"product-type-simple"},"_links":{"self":[{"href":"https:\/\/www.jornen.es\/index.php?rest_route=\/wp\/v2\/product\/426","targetHints":{"allow":["GET"]}}],"collection":[{"href":"https:\/\/www.jornen.es\/index.php?rest_route=\/wp\/v2\/product"}],"about":[{"href":"https:\/\/www.jornen.es\/index.php?rest_route=\/wp\/v2\/types\/product"}],"wp:featuredmedia":[{"embeddable":true,"href":"https:\/\/www.jornen.es\/index.php?rest_route=\/wp\/v2\/media\/427"}],"wp:attachment":[{"href":"https:\/\/www.jornen.es\/index.php?rest_route=%2Fwp%2Fv2%2Fmedia&parent=426"}],"wp:term":[{"taxonomy":"product_cat","embeddable":true,"href":"https:\/\/www.jornen.es\/index.php?rest_route=%2Fwp%2Fv2%2Fproduct_cat&post=426"},{"taxonomy":"product_tag","embeddable":true,"href":"https:\/\/www.jornen.es\/index.php?rest_route=%2Fwp%2Fv2%2Fproduct_tag&post=426"}],"curies":[{"name":"wp","href":"https:\/\/api.w.org\/{rel}","templated":true}]}}