{"id":654,"date":"2024-07-02T13:46:56","date_gmt":"2024-07-02T05:46:56","guid":{"rendered":"http:\/\/testes.jornen.com\/?post_type=product&#038;p=654"},"modified":"2024-07-02T13:46:56","modified_gmt":"2024-07-02T05:46:56","slug":"maquina-blister-dpp260r","status":"publish","type":"product","link":"https:\/\/www.jornen.es\/?product=maquina-blister-dpp260r","title":{"rendered":"M\u00e1quina Blister DPP260R"},"content":{"rendered":"<div>Las caracter\u00edsticas de termoformado Packaging Machine DPP260R<\/div>\n<div>Pl\u00e1stico termoformado bandejas, transportistas, contenedores, y los casos se utilizan ampliamente en la industria farmac\u00e9utica y fabricantes de M\u00e9dicos (viales, ampollas jeringa etc.)<\/div>\n<div>Componentes electr\u00f3nicos (unidad USB, rat\u00f3n, bater\u00edas, etc.)<\/div>\n<div>Los productos de consumo (cosm\u00e9ticos, juguetes, comida, etc.)<\/div>\n<div>Esta m\u00e1quina puede completar las acciones de formaci\u00f3n, perforaci\u00f3n y descarga de las bandejas de pl\u00e1stico de forma autom\u00e1tica. La separaci\u00f3n de las zonas de accionamiento y de funcionamiento y estructura compacta est\u00e1n en cumplimiento con los requisitos de GMP y QS farmac\u00e9uticas.<\/div>\n<div>El moho puede ser un dise\u00f1o personalizado de acuerdo a los requerimientos del cliente. Adecuado para todo tipo de material pl\u00e1stico termoformable, tales como PP, PE, PS, PVC, PET, PS, etc.<\/div>\n<div>Principales par\u00e1metros t\u00e9cnicos:<\/div>\n<div>Max. acelerar: 40 golpes\/min.<\/div>\n<div>Max. Superficie de formaci\u00f3n:250\u00d7170mm<\/div>\n<div>Dimensi\u00f3n de la m\u00e1quina: 1500\u00d7710\u00d72200mm<\/div>\n<div>Profundidad m\u00e1xima de Formaci\u00f3n: 35mm<\/div>\n<div>Material: Max.ancho 420mm<\/div>\n<div>M\u00e1quina de alimentaci\u00f3n: 4.5kw<\/div>\n<div>Peso de la m\u00e1quina: 800kg<\/div>\n","protected":false},"excerpt":{"rendered":"<p>Las caracter\u00edsticas de termoformado Packaging Machine DPP260R Pl\u00e1stico termoformado bandejas, transportistas, contenedores, y los casos se utilizan ampliamente en la industria farmac\u00e9utica y fabricantes de M\u00e9dicos (viales, ampollas jeringa etc.) Componentes electr\u00f3nicos (unidad USB, rat\u00f3n, bater\u00edas, etc.) Los productos de consumo (cosm\u00e9ticos, juguetes, comida, etc.) Esta m\u00e1quina puede completar las acciones de formaci\u00f3n, perforaci\u00f3n y descarga de las bandejas de pl\u00e1stico de forma autom\u00e1tica. La separaci\u00f3n de las zonas de accionamiento y de funcionamiento y estructura compacta est\u00e1n en cumplimiento con los requisitos de GMP y QS farmac\u00e9uticas. El moho puede ser un dise\u00f1o personalizado de acuerdo a los requerimientos del cliente. Adecuado para todo tipo de material pl\u00e1stico termoformable, tales como PP, PE, PS, PVC, PET, PS, etc. Principales par\u00e1metros t\u00e9cnicos: Max. acelerar: 40 &hellip; <\/p>\n","protected":false},"featured_media":655,"template":"","meta":[],"product_cat":[25],"product_tag":[],"class_list":{"0":"post-654","1":"product","2":"type-product","3":"status-publish","4":"has-post-thumbnail","6":"product_cat-termoformado-maquina-de-embalaje","8":"first","9":"instock","10":"shipping-taxable","11":"product-type-simple"},"_links":{"self":[{"href":"https:\/\/www.jornen.es\/index.php?rest_route=\/wp\/v2\/product\/654","targetHints":{"allow":["GET"]}}],"collection":[{"href":"https:\/\/www.jornen.es\/index.php?rest_route=\/wp\/v2\/product"}],"about":[{"href":"https:\/\/www.jornen.es\/index.php?rest_route=\/wp\/v2\/types\/product"}],"wp:featuredmedia":[{"embeddable":true,"href":"https:\/\/www.jornen.es\/index.php?rest_route=\/wp\/v2\/media\/655"}],"wp:attachment":[{"href":"https:\/\/www.jornen.es\/index.php?rest_route=%2Fwp%2Fv2%2Fmedia&parent=654"}],"wp:term":[{"taxonomy":"product_cat","embeddable":true,"href":"https:\/\/www.jornen.es\/index.php?rest_route=%2Fwp%2Fv2%2Fproduct_cat&post=654"},{"taxonomy":"product_tag","embeddable":true,"href":"https:\/\/www.jornen.es\/index.php?rest_route=%2Fwp%2Fv2%2Fproduct_tag&post=654"}],"curies":[{"name":"wp","href":"https:\/\/api.w.org\/{rel}","templated":true}]}}