{"id":663,"date":"2024-07-02T13:48:13","date_gmt":"2024-07-02T05:48:13","guid":{"rendered":"http:\/\/testes.jornen.com\/?post_type=product&#038;p=663"},"modified":"2024-07-02T13:48:13","modified_gmt":"2024-07-02T05:48:13","slug":"maquina-blister-dpp350","status":"publish","type":"product","link":"https:\/\/www.jornen.es\/?product=maquina-blister-dpp350","title":{"rendered":"M\u00e1quina Blister DPP350"},"content":{"rendered":"<div>\n<div>Las caracter\u00edsticas de la DPP350 Termoformado M\u00e1quina de embalaje:<\/div>\n<div>Termoformado DPP350 Embalaje m\u00e1quina es conveniente para el envasado blister de papel \/ pvc de cepillo de dientes, productos electr\u00f3nicos, juguetes el\u00e9ctricos, cosm\u00e9ticos, etc.<\/div>\n<div>Principales par\u00e1metros t\u00e9cnicos:<\/div>\n<div>Max. acelerar: 20 golpes\/min. (Tama\u00f1o de papel \/ pl\u00e1stico: 245mmx50mm)<\/div>\n<div>Max. salida: 280 tarjeta\/min.<\/div>\n<div>Max. Superficie de formaci\u00f3n: 280x280mm<\/div>\n<div>Profundidad m\u00e1xima de formaci\u00f3n: 30mm<\/div>\n<div>material: Max. ancho 260mm<\/div>\n<div>m\u00e1quina de alimentaci\u00f3n: 9 kw<\/div>\n<div>Dimensi\u00f3n de la m\u00e1quina: 7000\u00d71200\u00d71800mm<\/div>\n<div>Peso de la m\u00e1quina: 23000kg<\/div>\n<\/div>\n","protected":false},"excerpt":{"rendered":"<p>Las caracter\u00edsticas de la DPP350 Termoformado M\u00e1quina de embalaje: Termoformado DPP350 Embalaje m\u00e1quina es conveniente para el envasado blister de papel \/ pvc de cepillo de dientes, productos electr\u00f3nicos, juguetes el\u00e9ctricos, cosm\u00e9ticos, etc. Principales par\u00e1metros t\u00e9cnicos: Max. acelerar: 20 golpes\/min. (Tama\u00f1o de papel \/ pl\u00e1stico: 245mmx50mm) Max. salida: 280 tarjeta\/min. Max. Superficie de formaci\u00f3n: 280x280mm Profundidad m\u00e1xima de formaci\u00f3n: 30mm material: Max. ancho 260mm m\u00e1quina de alimentaci\u00f3n: 9 kw Dimensi\u00f3n de la m\u00e1quina: 7000\u00d71200\u00d71800mm Peso de la m\u00e1quina: 23000kg<\/p>\n","protected":false},"featured_media":664,"template":"","meta":[],"product_cat":[25],"product_tag":[],"class_list":{"0":"post-663","1":"product","2":"type-product","3":"status-publish","4":"has-post-thumbnail","6":"product_cat-termoformado-maquina-de-embalaje","8":"first","9":"instock","10":"shipping-taxable","11":"product-type-simple"},"_links":{"self":[{"href":"https:\/\/www.jornen.es\/index.php?rest_route=\/wp\/v2\/product\/663","targetHints":{"allow":["GET"]}}],"collection":[{"href":"https:\/\/www.jornen.es\/index.php?rest_route=\/wp\/v2\/product"}],"about":[{"href":"https:\/\/www.jornen.es\/index.php?rest_route=\/wp\/v2\/types\/product"}],"wp:featuredmedia":[{"embeddable":true,"href":"https:\/\/www.jornen.es\/index.php?rest_route=\/wp\/v2\/media\/664"}],"wp:attachment":[{"href":"https:\/\/www.jornen.es\/index.php?rest_route=%2Fwp%2Fv2%2Fmedia&parent=663"}],"wp:term":[{"taxonomy":"product_cat","embeddable":true,"href":"https:\/\/www.jornen.es\/index.php?rest_route=%2Fwp%2Fv2%2Fproduct_cat&post=663"},{"taxonomy":"product_tag","embeddable":true,"href":"https:\/\/www.jornen.es\/index.php?rest_route=%2Fwp%2Fv2%2Fproduct_tag&post=663"}],"curies":[{"name":"wp","href":"https:\/\/api.w.org\/{rel}","templated":true}]}}