{"id":665,"date":"2024-07-02T13:51:29","date_gmt":"2024-07-02T05:51:29","guid":{"rendered":"http:\/\/testes.jornen.com\/?post_type=product&#038;p=665"},"modified":"2024-07-02T13:51:29","modified_gmt":"2024-07-02T05:51:29","slug":"maquina-blister-dpp150","status":"publish","type":"product","link":"https:\/\/www.jornen.es\/?product=maquina-blister-dpp150","title":{"rendered":"M\u00e1quina Blister DPP150"},"content":{"rendered":"<div>El video de esta m\u00e1quina:<\/div>\n<div><a href=\"https:\/\/www.youtube.com\/watch?v=xaAGuWFQhuk\">https:\/\/www.youtube.com\/watch?v=xaAGuWFQhuk<\/a><\/div>\n<div>Esta m\u00e1quina de embalaje termoformado DPP150 es ampliamente utilizado en la industria de productos alimenticios y los productos l\u00e1cteos. Es adecuado para el envasado de la miel, queso, mermelada, chocolates, mantequilla, etc.<\/div>\n<div>Adopta el sistema de control de micro-ordenador, se puede completar autom\u00e1ticamente las acciones de formaci\u00f3n, llenado, sellado, gofrado y corte. Sistema de arrastre ajustable permite que la longitud de la tarjeta de la ampolla que se fijar\u00e1 libremente.<\/div>\n<div>Equipado con pasta alimentador (tambi\u00e9n adecuado para el l\u00edquido), se puede preservar emperatura que garantizar el chocolate, mermelada, mantequilla se descargan en los bolsillos de ampollas suavemente, libremente y con precisi\u00f3n.<\/div>\n<div>Principales par\u00e1metros t\u00e9cnicos:<\/div>\n<div>Max. acelerar: 40 golpes\/min.<\/div>\n<div>Max. salida: 80 blisters\/min. (alu\/pvc tama\u00f1o de ampolla 57\u00d780mm)<\/div>\n<div>Max. Superficie de formaci\u00f3n: 135\u00d7120mm<\/div>\n<div>Profundidad m\u00e1xima de Formaci\u00f3n: 12mm<\/div>\n<div>material: 150 mm<\/div>\n<div>m\u00e1quina de alimentaci\u00f3n: 2.5kw<\/div>\n<div>Dimensi\u00f3n de la m\u00e1quina: 2200\u00d7570\u00d71380mm<\/div>\n<div>Peso de la m\u00e1quina: 800kg<\/div>\n","protected":false},"excerpt":{"rendered":"<p>El video de esta m\u00e1quina: https:\/\/www.youtube.com\/watch?v=xaAGuWFQhuk Esta m\u00e1quina de embalaje termoformado DPP150 es ampliamente utilizado en la industria de productos alimenticios y los productos l\u00e1cteos. Es adecuado para el envasado de la miel, queso, mermelada, chocolates, mantequilla, etc. Adopta el sistema de control de micro-ordenador, se puede completar autom\u00e1ticamente las acciones de formaci\u00f3n, llenado, sellado, gofrado y corte. Sistema de arrastre ajustable permite que la longitud de la tarjeta de la ampolla que se fijar\u00e1 libremente. Equipado con pasta alimentador (tambi\u00e9n adecuado para el l\u00edquido), se puede preservar emperatura que garantizar el chocolate, mermelada, mantequilla se descargan en los bolsillos de ampollas suavemente, libremente y con precisi\u00f3n. Principales par\u00e1metros t\u00e9cnicos: Max. acelerar: 40 golpes\/min. Max. salida: 80 blisters\/min. (alu\/pvc tama\u00f1o de ampolla 57\u00d780mm) Max. Superficie &hellip; <\/p>\n","protected":false},"featured_media":666,"template":"","meta":[],"product_cat":[25],"product_tag":[],"class_list":{"0":"post-665","1":"product","2":"type-product","3":"status-publish","4":"has-post-thumbnail","6":"product_cat-termoformado-maquina-de-embalaje","8":"first","9":"instock","10":"shipping-taxable","11":"product-type-simple"},"_links":{"self":[{"href":"https:\/\/www.jornen.es\/index.php?rest_route=\/wp\/v2\/product\/665","targetHints":{"allow":["GET"]}}],"collection":[{"href":"https:\/\/www.jornen.es\/index.php?rest_route=\/wp\/v2\/product"}],"about":[{"href":"https:\/\/www.jornen.es\/index.php?rest_route=\/wp\/v2\/types\/product"}],"wp:featuredmedia":[{"embeddable":true,"href":"https:\/\/www.jornen.es\/index.php?rest_route=\/wp\/v2\/media\/666"}],"wp:attachment":[{"href":"https:\/\/www.jornen.es\/index.php?rest_route=%2Fwp%2Fv2%2Fmedia&parent=665"}],"wp:term":[{"taxonomy":"product_cat","embeddable":true,"href":"https:\/\/www.jornen.es\/index.php?rest_route=%2Fwp%2Fv2%2Fproduct_cat&post=665"},{"taxonomy":"product_tag","embeddable":true,"href":"https:\/\/www.jornen.es\/index.php?rest_route=%2Fwp%2Fv2%2Fproduct_tag&post=665"}],"curies":[{"name":"wp","href":"https:\/\/api.w.org\/{rel}","templated":true}]}}