{"id":679,"date":"2024-07-02T13:57:25","date_gmt":"2024-07-02T05:57:25","guid":{"rendered":"http:\/\/testes.jornen.com\/?post_type=product&#038;p=679"},"modified":"2024-07-02T13:57:25","modified_gmt":"2024-07-02T05:57:25","slug":"sobre-envoltura","status":"publish","type":"product","link":"https:\/\/www.jornen.es\/?product=sobre-envoltura","title":{"rendered":"Sobre envoltura"},"content":{"rendered":"<p>El Sobre envoltura es una m\u00e1quina de embalaje de fin de l\u00ednea. Agrupa a cajas de cart\u00f3n (e igualmente, en forma de objetos) juntos o los apila en manojos, y bien los envuelve en cinta\u00a0 \u00a0 dejando el exceso de material en cada extremo. El exceso de cinta en los extremos del haz, es entonces plegado y sellado. Todo alrededor de sellado mejora a\u00fan m\u00e1s a prueba de humedad del producto. Tambi\u00e9n puede ser conectado a una l\u00ednea de envasado con m\u00e1quinas blister, Encartonadoras y empaquetadoras.<\/p>\n","protected":false},"excerpt":{"rendered":"<p>El Sobre envoltura es una m\u00e1quina de embalaje de fin de l\u00ednea. Agrupa a cajas de cart\u00f3n (e igualmente, en forma de objetos) juntos o los apila en manojos, y bien los envuelve en cinta\u00a0 \u00a0 dejando el exceso de material en cada extremo. El exceso de cinta en los extremos del haz, es entonces plegado y sellado. Todo alrededor de sellado mejora a\u00fan m\u00e1s a prueba de humedad del producto. Tambi\u00e9n puede ser conectado a una l\u00ednea de envasado con m\u00e1quinas blister, Encartonadoras y empaquetadoras.<\/p>\n","protected":false},"featured_media":680,"template":"","meta":[],"product_cat":[23],"product_tag":[],"class_list":{"0":"post-679","1":"product","2":"type-product","3":"status-publish","4":"has-post-thumbnail","6":"product_cat-fin-de-la-linea-de-packaging-machines","8":"first","9":"instock","10":"shipping-taxable","11":"product-type-simple"},"_links":{"self":[{"href":"https:\/\/www.jornen.es\/index.php?rest_route=\/wp\/v2\/product\/679","targetHints":{"allow":["GET"]}}],"collection":[{"href":"https:\/\/www.jornen.es\/index.php?rest_route=\/wp\/v2\/product"}],"about":[{"href":"https:\/\/www.jornen.es\/index.php?rest_route=\/wp\/v2\/types\/product"}],"wp:featuredmedia":[{"embeddable":true,"href":"https:\/\/www.jornen.es\/index.php?rest_route=\/wp\/v2\/media\/680"}],"wp:attachment":[{"href":"https:\/\/www.jornen.es\/index.php?rest_route=%2Fwp%2Fv2%2Fmedia&parent=679"}],"wp:term":[{"taxonomy":"product_cat","embeddable":true,"href":"https:\/\/www.jornen.es\/index.php?rest_route=%2Fwp%2Fv2%2Fproduct_cat&post=679"},{"taxonomy":"product_tag","embeddable":true,"href":"https:\/\/www.jornen.es\/index.php?rest_route=%2Fwp%2Fv2%2Fproduct_tag&post=679"}],"curies":[{"name":"wp","href":"https:\/\/api.w.org\/{rel}","templated":true}]}}