{"id":688,"date":"2024-07-02T13:59:48","date_gmt":"2024-07-02T05:59:48","guid":{"rendered":"http:\/\/testes.jornen.com\/?post_type=product&#038;p=688"},"modified":"2024-07-02T13:59:48","modified_gmt":"2024-07-02T05:59:48","slug":"maquina-de-recubrimiento-de-cinta","status":"publish","type":"product","link":"https:\/\/www.jornen.es\/?product=maquina-de-recubrimiento-de-cinta","title":{"rendered":"Maquina de recubrimiento de cinta"},"content":{"rendered":"<div><span style=\"font-family: Verdana; font-size: small;\">La m\u00e1quina de recubrimiento de cinta se puede utilizar para revestir comprimidos, p\u00edldoras diferentes y dulces con cinta org\u00e1nica, la cinta soluble en agua y la cinta de az\u00facar, etc., en las industrias farmac\u00e9utica, alimentaria y biol\u00f3gica. Se caracteriza por su alta eficiencia, bajo consumo de energ\u00eda y las cualidades de ahorro de espacio.<\/span><span style=\"font-family: Verdana; font-size: small;\"><br \/>\n<\/span><\/div>\n<div><span style=\"font-family: Verdana; font-size: small;\">Principio b\u00e1sico de funcionamiento:<\/span><\/div>\n<div><span style=\"font-family: Verdana; font-size: small;\">Los comprimidos hacer una continua, el movimiento complicado, orbital en el tambor cerrado de la m\u00e1quina de recubrimiento de cinta. El revestimiento mezclada se pulveriza sobre los comprimidos con la pistola de pulverizaci\u00f3n a trav\u00e9s de la acci\u00f3n de la bomba perist\u00e1ltica.<\/span><\/div>\n<div><span style=\"font-family: Verdana; font-size: small;\">Mientras tanto, bajo la acci\u00f3n del Consejo de Ministros del aire de escape (crea presi\u00f3n negativa) y el Gabinete del aire caliente (suministra aire caliente), un nivel de 100.000 de purificaci\u00f3n de aire caliente limpio, suministrado por el gabinete de aire caliente, penetra en las tabletas y est\u00e1n agotados despu\u00e9s de la parte inferior de las capas. Esto permite que el medio de revestimiento, que se pulveriza sobre la superficie de las tabletas, se seque r\u00e1pidamente y uniformemente, formando as\u00ed una superficie de cinta s\u00f3lida y suave.<\/span><\/div>\n<div><span style=\"font-family: Verdana; font-size: small;\">Caracter\u00edsticas:<\/span><\/div>\n<div><span style=\"font-family: Verdana; font-size: small;\">1. Todas las operaciones se integran a trav\u00e9s de operador, que proporciona un rendimiento fiable y estable.<\/span><\/div>\n<div><span style=\"font-family: Verdana; font-size: small;\">2. Bajo la acci\u00f3n de una placa de gu\u00eda aerodin\u00e1mica, las tabletas caen con frecuencia y sin problemas, lo que les impide chocar. Esto evita que las piezas rotas y bordes astillados y mejora el \u00edndice de calificaci\u00f3n de los productos acabados. La superficie estrecha de la placa de gu\u00eda elimina la adherencia del material de recubrimiento en su superficie, el material de revestimiento as\u00ed conservar.<\/span><\/div>\n<div><span style=\"font-family: Verdana; font-size: small;\">3. Un dispositivo autom\u00e1tico, de alta eficiencia de alimentaci\u00f3n previene la contaminaci\u00f3n cruzada.<\/span><\/div>\n<div><span style=\"font-family: Verdana; font-size: small;\">4. Sistema de limpieza autom\u00e1tico: El tambor de recubrimiento equipado en la pistola de lavado a alta presi\u00f3n, se utiliza para la limpieza de la salida de escape de aire y entrada de aire caliente, y se puede girar en la direcci\u00f3n autom\u00e1tica y completa, sin dejar huecos o rincones escondidos donde el polvo puede ocultar (Opcional ).<\/span><\/div>\n<div><span style=\"font-family: Verdana; font-size: small;\">5. Selecci\u00f3n de la parte superior internacional pistola de pulverizaci\u00f3n grado, permite el flujo y el \u00e1ngulo de sector a ser ajustado, proporcionando una prueba de fugas, funcionamiento sencillo. La pistola de pulverizaci\u00f3n requiere un cierto nivel de presi\u00f3n de aire para la apertura, para evitar fugas y el desgaste de los materiales de recubrimiento.<\/span><\/div>\n<div><span style=\"font-family: Verdana; font-size: small;\">6. Un dispositivo mec\u00e1nico especial proporciona la m\u00e1quina con una gran flexibilidad, que le permite manejar incluso lotes muy peque\u00f1os (capa 20kg pastillas en 150 m\u00e1quina de recubrimiento de tipo).<\/span><\/div>\n<div><span style=\"font-family: Verdana; font-size: small;\">Principales par\u00e1metros t\u00e9cnicos<\/span><\/div>\n<p>&nbsp;<\/p>\n<table border=\"1\" width=\"100%\" cellspacing=\"0\" cellpadding=\"0\">\n<tbody>\n<tr>\n<td colspan=\"2\" width=\"26%\">\n<div align=\"center\">Art\u00edculos \/ modelo<\/div>\n<\/td>\n<td width=\"11%\">\n<div align=\"center\">BG600E<\/div>\n<\/td>\n<td width=\"10%\">\n<div align=\"center\">BG400E<\/div>\n<\/td>\n<td width=\"10%\">\n<div align=\"center\">BG150E<\/div>\n<\/td>\n<td width=\"10%\">\n<div align=\"center\">BG80E<\/div>\n<\/td>\n<td width=\"10%\">\n<div align=\"center\">BG40E<\/div>\n<\/td>\n<td width=\"10%\">\n<div align=\"center\">BG10E<\/div>\n<\/td>\n<td width=\"10%\">\n<div align=\"center\">BG5E<\/div>\n<\/td>\n<\/tr>\n<tr>\n<td colspan=\"2\" width=\"26%\">\n<div align=\"center\">Capacidad de carga<\/div>\n<\/td>\n<td width=\"11%\">\n<div align=\"center\">600 Kg<\/div>\n<\/td>\n<td width=\"10%\">\n<div align=\"center\">400 Kg<\/div>\n<\/td>\n<td width=\"10%\">\n<div align=\"center\">150 Kg<\/div>\n<\/td>\n<td width=\"10%\">\n<div align=\"center\">80 Kg<\/div>\n<\/td>\n<td width=\"10%\">\n<div align=\"center\">40 Kg<\/div>\n<\/td>\n<td width=\"10%\">\n<div align=\"center\">10 Kg<\/div>\n<\/td>\n<td width=\"10%\">\n<div align=\"center\">5Kg<\/div>\n<\/td>\n<\/tr>\n<tr>\n<td colspan=\"2\" width=\"26%\">\n<div align=\"center\">Revoluciones(r\/min)<\/div>\n<\/td>\n<td width=\"11%\">\n<div align=\"center\">1.0-12r\/m<\/div>\n<\/td>\n<td width=\"10%\">\n<div align=\"center\">1.0-13r\/m<\/div>\n<\/td>\n<td width=\"10%\">\n<div align=\"center\">1.0-16r\/m<\/div>\n<\/td>\n<td width=\"10%\">\n<div align=\"center\">1.0-19 r\/m<\/div>\n<\/td>\n<td width=\"10%\">\n<div align=\"center\">1.0-21 r\/m<\/div>\n<\/td>\n<td width=\"10%\">\n<div align=\"center\">1.0-25 r\/m<\/div>\n<\/td>\n<td width=\"10%\">\n<div align=\"center\">1.0-30 r\/m<\/div>\n<\/td>\n<\/tr>\n<tr>\n<td colspan=\"2\" width=\"26%\">\n<div align=\"center\">M\u00e1quinas Power Major<\/div>\n<\/td>\n<td width=\"11%\">\n<div align=\"center\">4Kw<\/div>\n<\/td>\n<td width=\"10%\">\n<div align=\"center\">3Kw<\/div>\n<\/td>\n<td width=\"10%\">\n<div align=\"center\">2.2 Kw<\/div>\n<\/td>\n<td width=\"10%\">\n<div align=\"center\">1.5 Kw<\/div>\n<\/td>\n<td width=\"10%\">\n<div align=\"center\">1.1 Kw<\/div>\n<\/td>\n<td width=\"10%\">\n<div align=\"center\">0.55 Kw<\/div>\n<\/td>\n<td width=\"10%\">\n<div align=\"center\">0.37 Kw<\/div>\n<\/td>\n<\/tr>\n<tr>\n<td colspan=\"2\" width=\"26%\">\n<div align=\"center\">Tama\u00f1o de tambor de recubrimiento<\/div>\n<\/td>\n<td width=\"11%\">\n<div align=\"center\">\u03a61580mm<\/div>\n<\/td>\n<td width=\"10%\">\n<div align=\"center\">\u03a61580mm<\/div>\n<\/td>\n<td width=\"10%\">\n<div align=\"center\">\u03a61200mm<\/div>\n<\/td>\n<td width=\"10%\">\n<div align=\"center\">\u03a6930mm<\/div>\n<\/td>\n<td width=\"10%\">\n<div align=\"center\">\u03a6780mm<\/div>\n<\/td>\n<td width=\"10%\">\n<div align=\"center\">\u03a6500mm<\/div>\n<\/td>\n<td width=\"10%\">\n<div align=\"center\">\u03a6564mm<\/div>\n<\/td>\n<\/tr>\n<tr>\n<td colspan=\"2\" width=\"26%\">\n<div align=\"center\">Potencia del aire de escape<\/div>\n<\/td>\n<td width=\"11%\">\n<div align=\"center\">11 Kw<\/div>\n<\/td>\n<td width=\"10%\">\n<div align=\"center\">7.5 Kw<\/div>\n<\/td>\n<td width=\"10%\">\n<div align=\"center\">5.5 Kw<\/div>\n<\/td>\n<td width=\"10%\">\n<div align=\"center\">3 Kw<\/div>\n<\/td>\n<td width=\"10%\">\n<div align=\"center\">2.2 Kw<\/div>\n<\/td>\n<td width=\"10%\">\n<div align=\"center\">0.75 Kw<\/div>\n<\/td>\n<td width=\"10%\">\n<div align=\"center\">0.55 Kw<\/div>\n<\/td>\n<\/tr>\n<tr>\n<td colspan=\"2\" width=\"26%\">\n<div align=\"center\">Escape de aire de flujo<\/div>\n<\/td>\n<td width=\"11%\">\n<div align=\"center\">15450 m3\/h<\/div>\n<\/td>\n<td width=\"10%\">\n<div>10000m3\/h<\/div>\n<\/td>\n<td width=\"10%\">\n<div align=\"center\">7419 m3\/h<\/div>\n<\/td>\n<td width=\"10%\">\n<div align=\"center\">5268 m3\/h<\/div>\n<\/td>\n<td width=\"10%\">\n<div align=\"center\">3517 m3\/h<\/div>\n<\/td>\n<td width=\"10%\">\n<div align=\"center\">1285 m3\/h<\/div>\n<\/td>\n<td width=\"10%\">\n<div align=\"center\">805\u00a0m3\/h<\/div>\n<\/td>\n<\/tr>\n<tr>\n<td colspan=\"2\" width=\"26%\">\n<div align=\"center\">Poder del gabinete de aire caliente<\/div>\n<\/td>\n<td width=\"11%\">\n<div align=\"center\">4 Kw<\/div>\n<\/td>\n<td width=\"10%\">\n<div align=\"center\">2.2 Kw<\/div>\n<\/td>\n<td width=\"10%\">\n<div align=\"center\">1.5 Kw<\/div>\n<\/td>\n<td width=\"10%\">\n<div align=\"center\">1.1 Kw<\/div>\n<\/td>\n<td width=\"10%\">\n<div align=\"center\">0.75 Kw<\/div>\n<\/td>\n<td width=\"10%\">\n<div align=\"center\">0.37 Kw<\/div>\n<\/td>\n<td width=\"10%\">\n<div align=\"center\">0.25\u00a0Kw<\/div>\n<\/td>\n<\/tr>\n<tr>\n<td colspan=\"2\" width=\"26%\">\n<div align=\"center\">Flujo de Aire Caliente<\/div>\n<\/td>\n<td width=\"11%\">\n<div align=\"center\">6500 m3\/h<\/div>\n<\/td>\n<td width=\"10%\">\n<div align=\"center\">3517 m3\/h<\/div>\n<\/td>\n<td width=\"10%\">\n<div align=\"center\">2356 m3\/h<\/div>\n<\/td>\n<td width=\"10%\">\n<div align=\"center\">1685 m3\/h<\/div>\n<\/td>\n<td width=\"10%\">\n<div align=\"center\">1285 m3\/h<\/div>\n<\/td>\n<td width=\"10%\">\n<div align=\"center\">816 m3\/h<\/div>\n<\/td>\n<td width=\"10%\">\n<div align=\"center\">504\u00a0m3\/h<\/div>\n<\/td>\n<\/tr>\n<tr>\n<td colspan=\"2\" width=\"26%\">\n<div align=\"center\">Peso de la m\u00e1quina principal<\/div>\n<\/td>\n<td width=\"11%\">\n<div align=\"center\">1600 Kg<\/div>\n<\/td>\n<td width=\"10%\">\n<div align=\"center\">1000 Kg<\/div>\n<\/td>\n<td width=\"10%\">\n<div align=\"center\">850 Kg<\/div>\n<\/td>\n<td width=\"10%\">\n<div align=\"center\">600 Kg<\/div>\n<\/td>\n<td width=\"10%\">\n<div align=\"center\">500 Kg<\/div>\n<\/td>\n<td width=\"10%\">\n<div align=\"center\">200 Kg<\/div>\n<\/td>\n<td width=\"10%\">\n<div align=\"center\">750Kg<\/div>\n<\/td>\n<\/tr>\n<tr>\n<td rowspan=\"2\" width=\"4%\">\n<div align=\"center\"><\/div>\n<\/td>\n<td width=\"22%\">\n<div align=\"center\">Presi\u00f3n atmosf\u00e9rica<\/div>\n<\/td>\n<td width=\"11%\">\n<div align=\"center\">\u22650.4Mpa<\/div>\n<\/td>\n<td width=\"10%\">\n<div align=\"center\">\u22650.4Mpa<\/div>\n<\/td>\n<td width=\"10%\">\n<div align=\"center\">\u22650.4Mpa<\/div>\n<\/td>\n<td width=\"10%\">\n<div align=\"center\">\u22650.4Mpa<\/div>\n<\/td>\n<td width=\"10%\">\n<div align=\"center\">\u22650.4Mpa<\/div>\n<\/td>\n<td width=\"10%\">\n<div align=\"center\">\u22650.4Mpa<\/div>\n<\/td>\n<td width=\"10%\">\n<div align=\"center\">\u22650.4Mpa<\/div>\n<\/td>\n<\/tr>\n<tr>\n<td width=\"22%\">\n<div align=\"center\">Consumo de aire<\/div>\n<\/td>\n<td width=\"11%\">\n<div align=\"center\">2 m3\/min<\/div>\n<\/td>\n<td width=\"10%\">\n<div align=\"center\">1.5 m3\/min<\/div>\n<\/td>\n<td width=\"10%\">\n<div align=\"center\">0.7 m3\/min<\/div>\n<\/td>\n<td width=\"10%\">\n<div align=\"center\">0.35 m3\/min<\/div>\n<\/td>\n<td width=\"10%\">\n<div align=\"center\">0.2 m3\/min<\/div>\n<\/td>\n<td width=\"10%\">\n<div align=\"center\">0.2 m3\/min<\/div>\n<\/td>\n<td width=\"10%\">\n<div align=\"center\">0.2 m3\/min<\/div>\n<\/td>\n<\/tr>\n<\/tbody>\n<\/table>\n","protected":false},"excerpt":{"rendered":"<p>La m\u00e1quina de recubrimiento de cinta se puede utilizar para revestir comprimidos, p\u00edldoras diferentes y dulces con cinta org\u00e1nica, la cinta soluble en agua y la cinta de az\u00facar, etc., en las industrias farmac\u00e9utica, alimentaria y biol\u00f3gica. Se caracteriza por su alta eficiencia, bajo consumo de energ\u00eda y las cualidades de ahorro de espacio. Principio b\u00e1sico de funcionamiento: Los comprimidos hacer una continua, el movimiento complicado, orbital en el tambor cerrado de la m\u00e1quina de recubrimiento de cinta. El revestimiento mezclada se pulveriza sobre los comprimidos con la pistola de pulverizaci\u00f3n a trav\u00e9s de la acci\u00f3n de la bomba perist\u00e1ltica. Mientras tanto, bajo la acci\u00f3n del Consejo de Ministros del aire de escape (crea presi\u00f3n negativa) y el Gabinete del aire caliente (suministra aire caliente), &hellip; <\/p>\n","protected":false},"featured_media":689,"template":"","meta":[],"product_cat":[26],"product_tag":[],"class_list":{"0":"post-688","1":"product","2":"type-product","3":"status-publish","4":"has-post-thumbnail","6":"product_cat-maquina-de-recubrimiento-de-cinta","8":"first","9":"instock","10":"shipping-taxable","11":"product-type-simple"},"_links":{"self":[{"href":"https:\/\/www.jornen.es\/index.php?rest_route=\/wp\/v2\/product\/688","targetHints":{"allow":["GET"]}}],"collection":[{"href":"https:\/\/www.jornen.es\/index.php?rest_route=\/wp\/v2\/product"}],"about":[{"href":"https:\/\/www.jornen.es\/index.php?rest_route=\/wp\/v2\/types\/product"}],"wp:featuredmedia":[{"embeddable":true,"href":"https:\/\/www.jornen.es\/index.php?rest_route=\/wp\/v2\/media\/689"}],"wp:attachment":[{"href":"https:\/\/www.jornen.es\/index.php?rest_route=%2Fwp%2Fv2%2Fmedia&parent=688"}],"wp:term":[{"taxonomy":"product_cat","embeddable":true,"href":"https:\/\/www.jornen.es\/index.php?rest_route=%2Fwp%2Fv2%2Fproduct_cat&post=688"},{"taxonomy":"product_tag","embeddable":true,"href":"https:\/\/www.jornen.es\/index.php?rest_route=%2Fwp%2Fv2%2Fproduct_tag&post=688"}],"curies":[{"name":"wp","href":"https:\/\/api.w.org\/{rel}","templated":true}]}}