{"id":695,"date":"2024-07-02T14:07:04","date_gmt":"2024-07-02T06:07:04","guid":{"rendered":"http:\/\/testes.jornen.com\/?post_type=product&#038;p=695"},"modified":"2024-07-02T14:07:04","modified_gmt":"2024-07-02T06:07:04","slug":"cgn280-semiautomatica-maquina-para-llenar-capsulas","status":"publish","type":"product","link":"https:\/\/www.jornen.es\/?product=cgn280-semiautomatica-maquina-para-llenar-capsulas","title":{"rendered":"CGN280 Semiautom\u00e1tica M\u00e1quina para llenar c\u00e1psulas"},"content":{"rendered":"<div>EI video de esta m\u00e1quina<\/div>\n<div><a href=\"https:\/\/www.youtube.com\/watch?v=JGByQjpcVuU\">https:\/\/www.youtube.com\/watch?v=JGByQjpcVuU<\/a><\/div>\n<div>El CGN280 es una c\u00e1psula semiautom\u00e1tica de llenado de la m\u00e1quina, apto para la producci\u00f3n de lotes medianos y peque\u00f1os.<\/div>\n<div>La m\u00e1quina adopta un sistema de control programable, panel de la pantalla t\u00e1ctil, la velocidad de desplazamiento, contador autom\u00e1tico y electr\u00f3nico.<\/div>\n<div>Puede semi-autom\u00e1ticamente completar las acciones de la posici\u00f3n, separaci\u00f3n, llenado, cierre, etc., adecuados para los productos farmac\u00e9uticos convencionales tales como polvo, pastillas, gr\u00e1nulos, as\u00ed como para productos nutrac\u00e9uticos tales como hierbas, vitaminas o incluso productos especiales con pegajoso, fibroso abrasivo, u otras propiedades.<\/div>\n<div>Esta m\u00e1quina de ahorro de espacio proporciona un funcionamiento sencillo, cambio de formato dentro de cinco minutos y la precisi\u00f3n de dosificaci\u00f3n.<\/div>\n<div>Principales par\u00e1metros t\u00e9cnicos:<\/div>\n<div>Max. salida: 25000 C\u00e1psulas \/ hora<\/div>\n<div>C\u00e1psula Adecuada: No.00-5<\/div>\n<div>Aire Comprimido: 0.03 m3\/min 0.7Mpa<\/div>\n<div>Bomba de vac\u00edo: 40m3\/h<\/div>\n<div>m\u00e1quina de alimentaci\u00f3n: 2.12kw 220v 50Hz<\/div>\n<div>Dimensi\u00f3n de la m\u00e1quina: 1200\u00d7700\u00d71650mm<\/div>\n<div>Peso de la m\u00e1quina: 400kg<\/div>\n","protected":false},"excerpt":{"rendered":"<p>EI video de esta m\u00e1quina https:\/\/www.youtube.com\/watch?v=JGByQjpcVuU El CGN280 es una c\u00e1psula semiautom\u00e1tica de llenado de la m\u00e1quina, apto para la producci\u00f3n de lotes medianos y peque\u00f1os. La m\u00e1quina adopta un sistema de control programable, panel de la pantalla t\u00e1ctil, la velocidad de desplazamiento, contador autom\u00e1tico y electr\u00f3nico. Puede semi-autom\u00e1ticamente completar las acciones de la posici\u00f3n, separaci\u00f3n, llenado, cierre, etc., adecuados para los productos farmac\u00e9uticos convencionales tales como polvo, pastillas, gr\u00e1nulos, as\u00ed como para productos nutrac\u00e9uticos tales como hierbas, vitaminas o incluso productos especiales con pegajoso, fibroso abrasivo, u otras propiedades. Esta m\u00e1quina de ahorro de espacio proporciona un funcionamiento sencillo, cambio de formato dentro de cinco minutos y la precisi\u00f3n de dosificaci\u00f3n. Principales par\u00e1metros t\u00e9cnicos: Max. salida: 25000 C\u00e1psulas \/ hora C\u00e1psula Adecuada: No.00-5 Aire &hellip; <\/p>\n","protected":false},"featured_media":696,"template":"","meta":[],"product_cat":[27],"product_tag":[],"class_list":{"0":"post-695","1":"product","2":"type-product","3":"status-publish","4":"has-post-thumbnail","6":"product_cat-maquinas-para-llenar-capsulas","8":"first","9":"instock","10":"shipping-taxable","11":"product-type-simple"},"_links":{"self":[{"href":"https:\/\/www.jornen.es\/index.php?rest_route=\/wp\/v2\/product\/695","targetHints":{"allow":["GET"]}}],"collection":[{"href":"https:\/\/www.jornen.es\/index.php?rest_route=\/wp\/v2\/product"}],"about":[{"href":"https:\/\/www.jornen.es\/index.php?rest_route=\/wp\/v2\/types\/product"}],"wp:featuredmedia":[{"embeddable":true,"href":"https:\/\/www.jornen.es\/index.php?rest_route=\/wp\/v2\/media\/696"}],"wp:attachment":[{"href":"https:\/\/www.jornen.es\/index.php?rest_route=%2Fwp%2Fv2%2Fmedia&parent=695"}],"wp:term":[{"taxonomy":"product_cat","embeddable":true,"href":"https:\/\/www.jornen.es\/index.php?rest_route=%2Fwp%2Fv2%2Fproduct_cat&post=695"},{"taxonomy":"product_tag","embeddable":true,"href":"https:\/\/www.jornen.es\/index.php?rest_route=%2Fwp%2Fv2%2Fproduct_tag&post=695"}],"curies":[{"name":"wp","href":"https:\/\/api.w.org\/{rel}","templated":true}]}}