{"id":703,"date":"2024-07-02T14:08:41","date_gmt":"2024-07-02T06:08:41","guid":{"rendered":"http:\/\/testes.jornen.com\/?post_type=product&#038;p=703"},"modified":"2024-07-02T14:08:41","modified_gmt":"2024-07-02T06:08:41","slug":"cfm500-800-1200-maquinas-para-llenar-capsulas","status":"publish","type":"product","link":"https:\/\/www.jornen.es\/?product=cfm500-800-1200-maquinas-para-llenar-capsulas","title":{"rendered":"CFM500\/800\/1200 M\u00e1quinas para llenar c\u00e1psulas"},"content":{"rendered":"<div>EI video de esta m\u00e1quina<\/div>\n<div><a href=\"https:\/\/www.youtube.com\/watch?v=CA2iFtKMQ6s\">https:\/\/www.youtube.com\/watch?v=CA2iFtKMQ6s<\/a><\/div>\n<div>Esta serie de m\u00e1quinas adopta un sistema de control programable, panel de la pantalla t\u00e1ctil, la velocidad de desplazamiento y contador autom\u00e1tico electr\u00f3nico.<\/div>\n<div>Completamente autom\u00e1tico, puede completar las acciones de posici\u00f3n, separaci\u00f3n, llenado y cierre de c\u00e1psulas. Todos los modelos est\u00e1n mecanizados por avanzadas m\u00e1quinas de alta precisi\u00f3n CNC de mecanizado que garantizan buena capacidad de intercambio de modelos de c\u00e1psulas diferentes.<\/div>\n<div>Es adecuado para los productos farmac\u00e9uticos convencionales tales como polvos, gr\u00e1nulos, gr\u00e1nulos, as\u00ed como para productos nutrac\u00e9uticos tales como hierbas, vitaminas o incluso productos especiales con propiedades adhesivas, abrasivos, fibrosos o de otro tipo. Esta m\u00e1quina de ahorro de espacio proporciona un funcionamiento sencillo cambio, el formato y precisi\u00f3n de la dosificaci\u00f3n.<\/div>\n<div>Modelo\u00a0 \u00a0 \u00a0 \u00a0 \u00a0 \u00a0 \u00a0 \u00a0 \u00a0 \u00a0 \u00a0 \u00a0 \u00a0 \u00a0 \u00a0 \u00a0 \u00a0 \u00a0 \u00a0 \u00a0 \u00a0 \u00a0 \u00a0 CFM500\u00a0 \u00a0 \u00a0 \u00a0 \u00a0CFM800\u00a0 \u00a0 \u00a0 \u00a0 \u00a0 CFM1200<\/div>\n<div>Max. salida(C\u00e1psulas \/ hora):\u00a0 \u00a0 \u00a0 \u00a0 \u00a0 \u00a0 \u00a0 30000\u00a0 \u00a0 \u00a0 \u00a0 \u00a0 \u00a048000\u00a0 \u00a0 \u00a0 \u00a0 \u00a0 \u00a0 \u00a072000<\/div>\n","protected":false},"excerpt":{"rendered":"<p>EI video de esta m\u00e1quina https:\/\/www.youtube.com\/watch?v=CA2iFtKMQ6s Esta serie de m\u00e1quinas adopta un sistema de control programable, panel de la pantalla t\u00e1ctil, la velocidad de desplazamiento y contador autom\u00e1tico electr\u00f3nico. Completamente autom\u00e1tico, puede completar las acciones de posici\u00f3n, separaci\u00f3n, llenado y cierre de c\u00e1psulas. Todos los modelos est\u00e1n mecanizados por avanzadas m\u00e1quinas de alta precisi\u00f3n CNC de mecanizado que garantizan buena capacidad de intercambio de modelos de c\u00e1psulas diferentes. Es adecuado para los productos farmac\u00e9uticos convencionales tales como polvos, gr\u00e1nulos, gr\u00e1nulos, as\u00ed como para productos nutrac\u00e9uticos tales como hierbas, vitaminas o incluso productos especiales con propiedades adhesivas, abrasivos, fibrosos o de otro tipo. Esta m\u00e1quina de ahorro de espacio proporciona un funcionamiento sencillo cambio, el formato y precisi\u00f3n de la dosificaci\u00f3n. Modelo\u00a0 \u00a0 \u00a0 \u00a0 \u00a0 &hellip; <\/p>\n","protected":false},"featured_media":704,"template":"","meta":[],"product_cat":[27],"product_tag":[],"class_list":{"0":"post-703","1":"product","2":"type-product","3":"status-publish","4":"has-post-thumbnail","6":"product_cat-maquinas-para-llenar-capsulas","8":"first","9":"instock","10":"shipping-taxable","11":"product-type-simple"},"_links":{"self":[{"href":"https:\/\/www.jornen.es\/index.php?rest_route=\/wp\/v2\/product\/703","targetHints":{"allow":["GET"]}}],"collection":[{"href":"https:\/\/www.jornen.es\/index.php?rest_route=\/wp\/v2\/product"}],"about":[{"href":"https:\/\/www.jornen.es\/index.php?rest_route=\/wp\/v2\/types\/product"}],"wp:featuredmedia":[{"embeddable":true,"href":"https:\/\/www.jornen.es\/index.php?rest_route=\/wp\/v2\/media\/704"}],"wp:attachment":[{"href":"https:\/\/www.jornen.es\/index.php?rest_route=%2Fwp%2Fv2%2Fmedia&parent=703"}],"wp:term":[{"taxonomy":"product_cat","embeddable":true,"href":"https:\/\/www.jornen.es\/index.php?rest_route=%2Fwp%2Fv2%2Fproduct_cat&post=703"},{"taxonomy":"product_tag","embeddable":true,"href":"https:\/\/www.jornen.es\/index.php?rest_route=%2Fwp%2Fv2%2Fproduct_tag&post=703"}],"curies":[{"name":"wp","href":"https:\/\/api.w.org\/{rel}","templated":true}]}}