{"id":705,"date":"2024-07-02T14:09:53","date_gmt":"2024-07-02T06:09:53","guid":{"rendered":"http:\/\/testes.jornen.com\/?post_type=product&#038;p=705"},"modified":"2024-07-02T14:09:53","modified_gmt":"2024-07-02T06:09:53","slug":"cfm2200-3200-6600-maquina-para-llenar-capsulas","status":"publish","type":"product","link":"https:\/\/www.jornen.es\/?product=cfm2200-3200-6600-maquina-para-llenar-capsulas","title":{"rendered":"CFM2200\/3200\/6600 m\u00e1quina para llenar c\u00e1psulas"},"content":{"rendered":"<div>Esta serie de m\u00e1quinas es la mejor opci\u00f3n para la producci\u00f3n en masa. Adopta el sistema de control programable, panel de la pantalla t\u00e1ctil, la velocidad de desplazamiento y contador autom\u00e1tico electr\u00f3nico.<\/div>\n<div>Completamente autom\u00e1tico, puede completar las acciones de posici\u00f3n, separaci\u00f3n, llenado y cierre de c\u00e1psulas. Todos los modelos est\u00e1n mecanizados por avanzadas m\u00e1quinas de alta precisi\u00f3n CNC de mecanizado que garantizan buena capacidad de intercambio de modelos de c\u00e1psulas diferentes.<\/div>\n<div>Es adecuado para los productos farmac\u00e9uticos convencionales tales como polvos, gr\u00e1nulos, gr\u00e1nulos, as\u00ed como para productos nutrac\u00e9uticos tales como hierbas, vitaminas o incluso productos especiales con propiedades adhesivas, abrasivos, fibrosos o de otro tipo. Esta m\u00e1quina de ahorro de espacio proporciona un funcionamiento sencillo cambio, el formato y precisi\u00f3n de la dosificaci\u00f3n.<\/div>\n<div>Modelo:\u00a0 \u00a0 \u00a0 \u00a0 \u00a0 \u00a0 \u00a0 \u00a0 \u00a0 \u00a0 \u00a0 \u00a0 \u00a0 \u00a0 \u00a0 \u00a0 \u00a0 \u00a0 \u00a0 CFM2200\u00a0 \u00a0 \u00a0 \u00a0 \u00a0 \u00a0 \u00a0 \u00a0CFM3200\u00a0 \u00a0 \u00a0 \u00a0 \u00a0 \u00a0 CFM6600<\/div>\n<div>Max. salida(C\u00e1psulas \/ hora):\u00a0 \u00a0 \u00a0 132000\u00a0 \u00a0 \u00a0 \u00a0 \u00a0 \u00a0 \u00a0 \u00a0 \u00a0 192000\u00a0 \u00a0 \u00a0 \u00a0 \u00a0 \u00a0 \u00a0 \u00a0396000<\/div>\n","protected":false},"excerpt":{"rendered":"<p>Esta serie de m\u00e1quinas es la mejor opci\u00f3n para la producci\u00f3n en masa. Adopta el sistema de control programable, panel de la pantalla t\u00e1ctil, la velocidad de desplazamiento y contador autom\u00e1tico electr\u00f3nico. Completamente autom\u00e1tico, puede completar las acciones de posici\u00f3n, separaci\u00f3n, llenado y cierre de c\u00e1psulas. Todos los modelos est\u00e1n mecanizados por avanzadas m\u00e1quinas de alta precisi\u00f3n CNC de mecanizado que garantizan buena capacidad de intercambio de modelos de c\u00e1psulas diferentes. Es adecuado para los productos farmac\u00e9uticos convencionales tales como polvos, gr\u00e1nulos, gr\u00e1nulos, as\u00ed como para productos nutrac\u00e9uticos tales como hierbas, vitaminas o incluso productos especiales con propiedades adhesivas, abrasivos, fibrosos o de otro tipo. Esta m\u00e1quina de ahorro de espacio proporciona un funcionamiento sencillo cambio, el formato y precisi\u00f3n de la dosificaci\u00f3n. Modelo:\u00a0 \u00a0 &hellip; <\/p>\n","protected":false},"featured_media":706,"template":"","meta":[],"product_cat":[27],"product_tag":[],"class_list":{"0":"post-705","1":"product","2":"type-product","3":"status-publish","4":"has-post-thumbnail","6":"product_cat-maquinas-para-llenar-capsulas","8":"first","9":"instock","10":"shipping-taxable","11":"product-type-simple"},"_links":{"self":[{"href":"https:\/\/www.jornen.es\/index.php?rest_route=\/wp\/v2\/product\/705","targetHints":{"allow":["GET"]}}],"collection":[{"href":"https:\/\/www.jornen.es\/index.php?rest_route=\/wp\/v2\/product"}],"about":[{"href":"https:\/\/www.jornen.es\/index.php?rest_route=\/wp\/v2\/types\/product"}],"wp:featuredmedia":[{"embeddable":true,"href":"https:\/\/www.jornen.es\/index.php?rest_route=\/wp\/v2\/media\/706"}],"wp:attachment":[{"href":"https:\/\/www.jornen.es\/index.php?rest_route=%2Fwp%2Fv2%2Fmedia&parent=705"}],"wp:term":[{"taxonomy":"product_cat","embeddable":true,"href":"https:\/\/www.jornen.es\/index.php?rest_route=%2Fwp%2Fv2%2Fproduct_cat&post=705"},{"taxonomy":"product_tag","embeddable":true,"href":"https:\/\/www.jornen.es\/index.php?rest_route=%2Fwp%2Fv2%2Fproduct_tag&post=705"}],"curies":[{"name":"wp","href":"https:\/\/api.w.org\/{rel}","templated":true}]}}