{"id":931,"date":"2024-12-12T14:05:49","date_gmt":"2024-12-12T06:05:49","guid":{"rendered":"https:\/\/www.jornen.es\/?post_type=product&#038;p=931"},"modified":"2024-12-21T15:31:29","modified_gmt":"2024-12-21T07:31:29","slug":"linea-de-envasado-de-botellas","status":"publish","type":"product","link":"https:\/\/www.jornen.es\/?product=linea-de-envasado-de-botellas","title":{"rendered":"L\u00ednea de envasado de botellas"},"content":{"rendered":"<p>L\u00ednea de envasado de botellas<br \/>\nV\u00eddeos de estas m\u00e1quinas:<br \/>\n<a href=\"https:\/\/youtu.be\/IKJ0qDjokDI\">https:\/\/youtu.be\/IKJ0qDjokDI<\/a><br \/>\n<a href=\"https:\/\/youtu.be\/ZciLbhjSjWs\">https:\/\/youtu.be\/ZciLbhjSjWs<\/a><br \/>\n<a href=\"https:\/\/youtu.be\/MIKmniYNars\">https:\/\/youtu.be\/MIKmniYNars<\/a><br \/>\n<a href=\"https:\/\/youtu.be\/wpq_5a7q_Lo\">https:\/\/youtu.be\/wpq_5a7q_Lo<\/a><br \/>\n\u25cf L\u00ednea de envasado de botellas completamente automatizada, que incluye equipos: recortadora de botellas, m\u00e1quina de taponado, m\u00e1quina de conteo de gr\u00e1nulos y sistema de reverificaci\u00f3n de conteo de gr\u00e1nulos, m\u00e1quina de tapado, m\u00e1quina de sellado de papel de aluminio y m\u00e1quina de detecci\u00f3n de fugas de sellado en l\u00ednea, m\u00e1quina de etiquetado, etc.<br \/>\n\u25cf El proceso de producci\u00f3n de los productos puede cumplir con los requisitos de GMP, FDA y otras especificaciones.<br \/>\n\u25cf De acuerdo con las necesidades reales del cliente y las condiciones del sitio, puede cumplir con diferentes requisitos de capacidad y tambi\u00e9n puede ser opcional para diferentes combinaciones de equipos para lograr servicios personalizados.<br \/>\n\u25cf La adopci\u00f3n de un dise\u00f1o compacto mejora la relaci\u00f3n espacio-capacidad y controla los costos operativos de GMP.<br \/>\n\u25cf La combinaci\u00f3n de una m\u00e1quina de conteo de granos y un detector de granos faltantes, la combinaci\u00f3n de una m\u00e1quina de sellado de papel de aluminio y un detector de fugas de sellado en l\u00ednea, y otros productos con funciones de detecci\u00f3n incluidos en la l\u00ednea de envasado de botellas pueden reducir el riesgo de calidad en la l\u00ednea de producci\u00f3n y brindar a los usuarios una l\u00ednea de envasado de botellas m\u00e1s avanzada, estable y confiable.<\/p>\n<p>1. Descodificador autom\u00e1tico<br \/>\nAlta velocidad, alta compatibilidad<br \/>\nAplicable a botellas de pl\u00e1stico de todas las formas, como redondas, cuadradas, planas, ovaladas, etc.<br \/>\nDep\u00f3sito de almacenamiento de gran capacidad<br \/>\nLa m\u00e1quina dispone de funciones de eliminaci\u00f3n de polvo y electricidad est\u00e1tica.<br \/>\n2. Insertador de desecante<br \/>\nEl posicionamiento preciso del cursor y la comprobaci\u00f3n del sistema de determinaci\u00f3n de la longitud de la bolsa de desecante garantizan que el desecante no se corte.<br \/>\nLa m\u00e1quina emitir\u00e1 una alarma y se detendr\u00e1 si los desecantes no caen en las botellas.<br \/>\nLa m\u00e1quina emitir\u00e1 una alarma a tiempo cuando se quede sin desecantes.<br \/>\n3. M\u00e1quina contadora<br \/>\nAplicable a diversas formas y especificaciones de medicamentos<br \/>\nPantalla accesible y men\u00fa inteligente<br \/>\nUn sensor de conteo CCD de alta resoluci\u00f3n hace que el conteo sea preciso.<br \/>\nTiene una gran capacidad para resistir el polvo, puede ajustar autom\u00e1ticamente la sensibilidad y emitir\u00e1 una alarma y se detendr\u00e1 autom\u00e1ticamente cuando ocurra una excepci\u00f3n.<br \/>\nInspecciona autom\u00e1ticamente el cilindro de aire y los par\u00e1metros de presi\u00f3n de aire; emitir\u00e1 una alarma y se detendr\u00e1 autom\u00e1ticamente cuando ocurra una excepci\u00f3n.<br \/>\nSe adopta un dispositivo de alimentaci\u00f3n constante y un sistema de recuento previo de m\u00faltiples capas para garantizar su alta velocidad y un funcionamiento estable<br \/>\n4. Inspecci\u00f3n de recuento<br \/>\nSe fijaron dos b\u00e1sculas de control individuales antes y despu\u00e9s de la m\u00e1quina de recuento y llenado para obtener el peso neto del medicamento.<br \/>\nLa precisi\u00f3n discriminante alcanza hasta \u00b130 mg para garantizar su detecci\u00f3n de alta precisi\u00f3n para el llenado de m\u00e1s y menos medicamento.<br \/>\n5. M\u00e1quina atornilladora<br \/>\nTiene la funci\u00f3n de elevaci\u00f3n autom\u00e1tica de la tapa, limpieza de la tapa y atornillado de la tapa.<br \/>\nEst\u00e1 disponible para varias roscas de tapas. El control de par puede mejorar significativamente la tasa calificada de enroscado de tapas<br \/>\nSin botellas da\u00f1adas, sin tapas da\u00f1adas en el proceso de enroscado de tapas<br \/>\nEnroscado de tapas a alta velocidad, con rendimiento constante, f\u00e1cil de operar<br \/>\n6. M\u00e1quina de sellado por inducci\u00f3n<br \/>\nMedidas de protecci\u00f3n completamente cerradas, libre de contaminaci\u00f3n electromagn\u00e9tica, operaci\u00f3n segura y constante<br \/>\nDispositivo de detecci\u00f3n de falta de papel de aluminio, papel de aluminio doble y papel de aluminio invertido<br \/>\nSistema de alarma autom\u00e1tico para sobretemperatura, bajo voltaje, sobrecorriente<br \/>\nDispositivo de detecci\u00f3n de temperatura de sellado<br \/>\nSellado con alta eficiencia<br \/>\n7. M\u00e1quina de detecci\u00f3n de fugas de sellado en l\u00ednea<br \/>\nDetecci\u00f3n de presi\u00f3n negativa de alta velocidad<br \/>\nVelocidad: 200 botellas\/min<br \/>\nAdecuada para la detecci\u00f3n en l\u00ednea de alta velocidad de la calidad de sellado de l\u00e1minas de aluminio en varios tipos de botellas o contenedores de latas.<br \/>\n8. M\u00e1quina etiquetadora<br \/>\nRegistre la longitud de la etiqueta de forma inteligente y no es necesario configurarla manualmente.<br \/>\nAplicable a botellas redondas<br \/>\nLa impresi\u00f3n o el etiquetado faltantes se rechazar\u00e1n autom\u00e1ticamente.<br \/>\nLos n\u00fameros de etiqueta restantes se pueden configurar y recordar.<br \/>\nLos sistemas de etiquetado de c\u00f3digo (pulverizaci\u00f3n de c\u00f3digo, c\u00f3digo l\u00e1ser) y de lectura de c\u00f3digo (c\u00f3digo unidimensional, c\u00f3digo bidimensional) son unidades opcionales.<\/p>\n","protected":false},"excerpt":{"rendered":"<p>L\u00ednea de envasado de botellas V\u00eddeos de estas m\u00e1quinas: https:\/\/youtu.be\/IKJ0qDjokDI https:\/\/youtu.be\/ZciLbhjSjWs https:\/\/youtu.be\/MIKmniYNars https:\/\/youtu.be\/wpq_5a7q_Lo \u25cf L\u00ednea de envasado de botellas completamente automatizada, que incluye equipos: recortadora de botellas, m\u00e1quina de taponado, m\u00e1quina de conteo de gr\u00e1nulos y sistema de reverificaci\u00f3n de conteo de gr\u00e1nulos, m\u00e1quina de tapado, m\u00e1quina de sellado de papel de aluminio y m\u00e1quina de detecci\u00f3n de fugas de sellado en l\u00ednea, m\u00e1quina de etiquetado, etc. \u25cf El proceso de producci\u00f3n de los productos puede cumplir con los requisitos de GMP, FDA y otras especificaciones. \u25cf De acuerdo con las necesidades reales del cliente y las condiciones del sitio, puede cumplir con diferentes requisitos de capacidad y tambi\u00e9n puede ser opcional para diferentes combinaciones de equipos para lograr servicios personalizados. \u25cf La adopci\u00f3n de &hellip; <\/p>\n","protected":false},"featured_media":942,"template":"","meta":[],"product_cat":[20,31],"product_tag":[],"class_list":{"0":"post-931","1":"product","2":"type-product","3":"status-publish","4":"has-post-thumbnail","6":"product_cat-uncategorized","7":"product_cat-maquinas-envasadoras-de-botellas-de-dosis-solidas","9":"first","10":"instock","11":"shipping-taxable","12":"product-type-simple"},"_links":{"self":[{"href":"https:\/\/www.jornen.es\/index.php?rest_route=\/wp\/v2\/product\/931","targetHints":{"allow":["GET"]}}],"collection":[{"href":"https:\/\/www.jornen.es\/index.php?rest_route=\/wp\/v2\/product"}],"about":[{"href":"https:\/\/www.jornen.es\/index.php?rest_route=\/wp\/v2\/types\/product"}],"wp:featuredmedia":[{"embeddable":true,"href":"https:\/\/www.jornen.es\/index.php?rest_route=\/wp\/v2\/media\/942"}],"wp:attachment":[{"href":"https:\/\/www.jornen.es\/index.php?rest_route=%2Fwp%2Fv2%2Fmedia&parent=931"}],"wp:term":[{"taxonomy":"product_cat","embeddable":true,"href":"https:\/\/www.jornen.es\/index.php?rest_route=%2Fwp%2Fv2%2Fproduct_cat&post=931"},{"taxonomy":"product_tag","embeddable":true,"href":"https:\/\/www.jornen.es\/index.php?rest_route=%2Fwp%2Fv2%2Fproduct_tag&post=931"}],"curies":[{"name":"wp","href":"https:\/\/api.w.org\/{rel}","templated":true}]}}