{"id":934,"date":"2024-12-21T15:19:11","date_gmt":"2024-12-21T07:19:11","guid":{"rendered":"https:\/\/www.jornen.es\/?post_type=product&#038;p=934"},"modified":"2024-12-21T15:19:11","modified_gmt":"2024-12-21T07:19:11","slug":"linea-de-blister-ppl400-para-productos-parenterales","status":"publish","type":"product","link":"https:\/\/www.jornen.es\/?product=linea-de-blister-ppl400-para-productos-parenterales","title":{"rendered":"L\u00ednea de bl\u00edster PPL400 para productos parenterales"},"content":{"rendered":"<p>El video de esta l\u00ednea:<br \/>\n<a href=\"https:\/\/youtu.be\/mXdyYt5cznA\">https:\/\/youtu.be\/mXdyYt5cznA<\/a><br \/>\nLa l\u00ednea de bl\u00edster PPL400 est\u00e1 especialmente dise\u00f1ada para el envasado en bl\u00edster y en cart\u00f3n de productos l\u00edquidos orales y parenterales. Puede envasar ampollas, viales y jeringas en una sola unidad, lo que resulta conveniente para que el personal m\u00e9dico las utilice de inmediato en situaciones de emergencia (como sitios de socorro en caso de desastre, campos de batalla, etc.) para salvar vidas.<\/p>\n<p>Cada estaci\u00f3n de la l\u00ednea de bl\u00edster adopta un servoaccionamiento independiente, lo que resulta muy conveniente para lotes peque\u00f1os y variedades m\u00faltiples, y el modo de producci\u00f3n requiere un cambio frecuente de variedades de productos.<\/p>\n<p>En la unidad de bl\u00edster, cuando la pel\u00edcula del primer carrete se agota en el m\u00f3dulo de bl\u00edster, puede conectarse autom\u00e1ticamente con el segundo sin interrumpir la m\u00e1quina (opcional).<\/p>\n<p>Adopta alimentaciones de robot servo completamente autom\u00e1ticas; el descifrador de botellas primero organiza las ampollas, jeringas y jeringas de manera ordenada, y el robot las agarra y las coloca en el bolsillo del bl\u00edster; Las jeringas se pueden verter en el contenedor a voluntad, el sistema las clasifica autom\u00e1ticamente en filas y las transporta al robot servo.<\/p>\n<p>La unidad de conexi\u00f3n de la l\u00ednea de bl\u00edster utiliza dos robots delta. El primer robot agarra, ajusta y coloca las tarjetas bl\u00edster en el m\u00f3dulo de paso variable; el m\u00f3dulo de paso variable cambia el paso de las tarjetas bl\u00edster y lo env\u00eda al segundo robot, y el segundo robot transfiere las tarjetas bl\u00edster a la unidad de encartonado. La unidad de conexi\u00f3n es muy flexible y se puede configurar una caja para contener una o m\u00e1s tarjetas bl\u00edster a voluntad; el dise\u00f1o compacto ahorra espacio.<\/p>\n<p>La unidad de encartonado adopta una estructura de movimiento continuo, que es eficiente y estable.<\/p>\n<p>Capaz de todos los sistemas de cierre est\u00e1ndar para cajas de cart\u00f3n, desde el tuck-in hasta el hot melt.<br \/>\nLa carga autom\u00e1tica de cajas es opcional, el consumo de cajas es de alta velocidad a alta velocidad y se requiere una carga manual frecuente.<\/p>\n<p>Toda la l\u00ednea adopta una estructura de balc\u00f3n y las \u00e1reas de operaci\u00f3n y conducci\u00f3n est\u00e1n aisladas para evitar la contaminaci\u00f3n cruzada y facilitar la limpieza diaria.<\/p>\n<p>La puerta protectora de toda la l\u00ednea optimiza la ergonom\u00eda y adopta una estructura de apertura abatible hacia arriba; cuando se abre, utiliza completamente el espacio superior para brindar a los operadores un espacio operativo frontal abierto y sin barreras.<\/p>\n<p>Totalmente cerrada con un dise\u00f1o innovador, las l\u00edneas de contorno son redondas y elegantes. Combina perfectamente maquinaria y arte.<\/p>\n","protected":false},"excerpt":{"rendered":"<p>El video de esta l\u00ednea: https:\/\/youtu.be\/mXdyYt5cznA La l\u00ednea de bl\u00edster PPL400 est\u00e1 especialmente dise\u00f1ada para el envasado en bl\u00edster y en cart\u00f3n de productos l\u00edquidos orales y parenterales. Puede envasar ampollas, viales y jeringas en una sola unidad, lo que resulta conveniente para que el personal m\u00e9dico las utilice de inmediato en situaciones de emergencia (como sitios de socorro en caso de desastre, campos de batalla, etc.) para salvar vidas. Cada estaci\u00f3n de la l\u00ednea de bl\u00edster adopta un servoaccionamiento independiente, lo que resulta muy conveniente para lotes peque\u00f1os y variedades m\u00faltiples, y el modo de producci\u00f3n requiere un cambio frecuente de variedades de productos. En la unidad de bl\u00edster, cuando la pel\u00edcula del primer carrete se agota en el m\u00f3dulo de bl\u00edster, puede conectarse &hellip; <\/p>\n","protected":false},"featured_media":935,"template":"","meta":[],"product_cat":[24],"product_tag":[],"class_list":{"0":"post-934","1":"product","2":"type-product","3":"status-publish","4":"has-post-thumbnail","6":"product_cat-lineas-blister","8":"first","9":"instock","10":"shipping-taxable","11":"product-type-simple"},"_links":{"self":[{"href":"https:\/\/www.jornen.es\/index.php?rest_route=\/wp\/v2\/product\/934","targetHints":{"allow":["GET"]}}],"collection":[{"href":"https:\/\/www.jornen.es\/index.php?rest_route=\/wp\/v2\/product"}],"about":[{"href":"https:\/\/www.jornen.es\/index.php?rest_route=\/wp\/v2\/types\/product"}],"wp:featuredmedia":[{"embeddable":true,"href":"https:\/\/www.jornen.es\/index.php?rest_route=\/wp\/v2\/media\/935"}],"wp:attachment":[{"href":"https:\/\/www.jornen.es\/index.php?rest_route=%2Fwp%2Fv2%2Fmedia&parent=934"}],"wp:term":[{"taxonomy":"product_cat","embeddable":true,"href":"https:\/\/www.jornen.es\/index.php?rest_route=%2Fwp%2Fv2%2Fproduct_cat&post=934"},{"taxonomy":"product_tag","embeddable":true,"href":"https:\/\/www.jornen.es\/index.php?rest_route=%2Fwp%2Fv2%2Fproduct_tag&post=934"}],"curies":[{"name":"wp","href":"https:\/\/api.w.org\/{rel}","templated":true}]}}