{"id":936,"date":"2024-12-21T15:26:43","date_gmt":"2024-12-21T07:26:43","guid":{"rendered":"https:\/\/www.jornen.es\/?post_type=product&#038;p=936"},"modified":"2024-12-21T15:26:50","modified_gmt":"2024-12-21T07:26:50","slug":"linea-de-conteo-compacta-200-botellas-min","status":"publish","type":"product","link":"https:\/\/www.jornen.es\/?product=linea-de-conteo-compacta-200-botellas-min","title":{"rendered":"L\u00ednea de conteo compacta (200 botellas\/min)"},"content":{"rendered":"<p>L\u00ednea de conteo compacta (200 botellas\/min)<br \/>\nVideos de estas m\u00e1quinas:<br \/>\n<a href=\"https:\/\/youtu.be\/IKJ0qDjokDI\">https:\/\/youtu.be\/IKJ0qDjokDI<\/a><br \/>\n<a href=\"https:\/\/youtu.be\/ZciLbhjSjWs\">https:\/\/youtu.be\/ZciLbhjSjWs<\/a><br \/>\n<a href=\"https:\/\/youtu.be\/MIKmniYNars\">https:\/\/youtu.be\/MIKmniYNars<\/a><br \/>\n<a href=\"https:\/\/youtu.be\/wpq_5a7q_Lo\">https:\/\/youtu.be\/wpq_5a7q_Lo<\/a><\/p>\n<p>\u25cf Esta l\u00ednea de conteo compacta adopta un dise\u00f1o integrado y modular, que incluye un descifrador + conteo + funci\u00f3n de doble validaci\u00f3n para el sistema de conteo y llenado + m\u00e1quina de tapado y sellado. La longitud total de la l\u00ednea es inferior a 8 metros, lo que se reduce a la mitad en comparaci\u00f3n con las l\u00edneas de conteo comunes. Puede ayudar a las empresas a ahorrar alrededor del 50% del espacio del equipo y es adecuada para actualizar y renovar las antiguas l\u00edneas de producci\u00f3n de talleres.<br \/>\n\u25cf Todo el sistema, incluida cada unidad de equipo, se puede separar para facilitar el transporte y la instalaci\u00f3n.<br \/>\n\u25cf Adoptando un sistema de alimentaci\u00f3n con biber\u00f3n de tornillo, todo el proceso de alimentaci\u00f3n con biber\u00f3n es suave, sin sacudidas, impactos, vertidos de biber\u00f3n u otros fen\u00f3menos. Adem\u00e1s, el sistema de alimentaci\u00f3n con biber\u00f3n de tornillo, el tama\u00f1o del biber\u00f3n y la cantidad de medicamentos en el biber\u00f3n tienen la funci\u00f3n de almacenar la f\u00f3rmula, que se puede recuperar con una tecla al cambiar la especificaci\u00f3n, lo cual es inteligente y eficiente.<br \/>\n\u25cf La l\u00ednea de conteo compacta adopta el conteo visual inteligente CCD y la funci\u00f3n de doble validaci\u00f3n para el sistema de conteo y llenado para controlar la tasa de conteo no calificado dentro de 1\/50000.<br \/>\n\u25cf El sistema de visi\u00f3n inteligente CCD tiene una funci\u00f3n de ajuste autom\u00e1tico de la luz de llenado y una fuerte capacidad de prevenci\u00f3n del polvo; incluso para tabletas con mucho polvo, puede garantizar la precisi\u00f3n del conteo. Se logr\u00f3 el conteo preciso durante mucho tiempo en un entorno con mucho polvo.<br \/>\n\u25cf Adopta un sistema de tapado con control de torsi\u00f3n tipo garra, adecuado para varias tapas de botellas, como tapado a presi\u00f3n CRC, tapas chapadas en oro y tapas de seguridad antirrobo. Este sistema garantiza que la tapa de la botella est\u00e9 bien apretada sin da\u00f1ar la tapa ni el cuerpo.<br \/>\n\u25cf El aislador opcional puede realizar el envasado de medicamentos antitumorales.<\/p>\n<p>1. Descodificador autom\u00e1tico<br \/>\nAlta velocidad, alta compatibilidad<br \/>\nApto para botellas redondas, cuadradas y otras botellas de pl\u00e1stico<br \/>\nContenedor de almacenamiento de gran capacidad<br \/>\nAhorra espacio<\/p>\n<p>2. M\u00e1quina de mecanizado<br \/>\nAplicable a diversas formas y especificaciones de medicamentos<br \/>\nPantalla accesible y men\u00fa inteligente<br \/>\nUn sensor de conteo CCD de alta resoluci\u00f3n hace que el conteo sea preciso.<br \/>\nTiene una gran capacidad para resistir el polvo, puede ajustar autom\u00e1ticamente la sensibilidad y emitir\u00e1 una alarma y se detendr\u00e1 autom\u00e1ticamente cuando ocurra una excepci\u00f3n.<br \/>\nInspecciona autom\u00e1ticamente el cilindro de aire y los par\u00e1metros de presi\u00f3n de aire y emite una alarma y se detiene autom\u00e1ticamente cuando ocurre una excepci\u00f3n.<br \/>\nSe adopta un dispositivo de alimentaci\u00f3n constante y un sistema de preconteo multicapa para garantizar su alta velocidad y un funcionamiento estable<\/p>\n<p>3. Inspecci\u00f3n de conteo<br \/>\nPara obtener el peso neto del medicamento, se fijaron dos b\u00e1sculas de control individuales antes y despu\u00e9s de la m\u00e1quina de conteo y mecanizado.<br \/>\nLa precisi\u00f3n discriminante alcanza hasta \u00b130 mg para garantizar su detecci\u00f3n de alta precisi\u00f3n para el llenado de medicamentos en mayor o menor medida.<\/p>\n<p>4. M\u00e1quina Machineg<br \/>\nTiene la funci\u00f3n de elevaci\u00f3n autom\u00e1tica de la tapa, limpieza de la tapa y enroscado de la tapa.<br \/>\nEs adecuada para varias tapas de botellas, como tapas a presi\u00f3n CRC, tapas de espejo, tapas de seguridad antirrobo, etc.<br \/>\nDise\u00f1o de garra, extracci\u00f3n de tapa vertical y tapado<br \/>\nEl control de torsi\u00f3n puede mejorar significativamente la tasa calificada de enroscado de tapas<br \/>\nSin botellas da\u00f1adas, sin tapas da\u00f1adas en el proceso de enroscado de tapas<br \/>\nDise\u00f1o modular, cambio r\u00e1pido de especificaciones, sin necesidad de ajuste, inteligente y eficiente, f\u00e1cil para los operadores comunes<\/p>\n<p>5. M\u00e1quina Machineg<br \/>\nAdopta tecnolog\u00eda de sellado sin contacto refrigerado por aire, sin necesidad de cambiar o agregar agua y preocuparse por el crecimiento bacteriano, que cumple con los requisitos de la FDA. Medidas de blindaje completamente cerradas, libre de contaminaci\u00f3n electromagn\u00e9tica, operaci\u00f3n segura y estable<br \/>\nDispositivo de detecci\u00f3n de ausencia de papel de aluminio, papel de aluminio doble y papel de aluminio invertido<br \/>\nSistema de alarma autom\u00e1tico para sobretemperatura, bajo voltaje, sobrecorriente<br \/>\nAl adoptar dos niveles de potencia de bobinas, la eficiencia de sellado es mayor y el rango de aplicaci\u00f3n es m\u00e1s amplio.<\/p>\n","protected":false},"excerpt":{"rendered":"<p>L\u00ednea de conteo compacta (200 botellas\/min) Videos de estas m\u00e1quinas: https:\/\/youtu.be\/IKJ0qDjokDI https:\/\/youtu.be\/ZciLbhjSjWs https:\/\/youtu.be\/MIKmniYNars https:\/\/youtu.be\/wpq_5a7q_Lo \u25cf Esta l\u00ednea de conteo compacta adopta un dise\u00f1o integrado y modular, que incluye un descifrador + conteo + funci\u00f3n de doble validaci\u00f3n para el sistema de conteo y llenado + m\u00e1quina de tapado y sellado. La longitud total de la l\u00ednea es inferior a 8 metros, lo que se reduce a la mitad en comparaci\u00f3n con las l\u00edneas de conteo comunes. Puede ayudar a las empresas a ahorrar alrededor del 50% del espacio del equipo y es adecuada para actualizar y renovar las antiguas l\u00edneas de producci\u00f3n de talleres. \u25cf Todo el sistema, incluida cada unidad de equipo, se puede separar para facilitar el transporte y la instalaci\u00f3n. \u25cf Adoptando &hellip; <\/p>\n","protected":false},"featured_media":937,"template":"","meta":[],"product_cat":[31],"product_tag":[],"class_list":{"0":"post-936","1":"product","2":"type-product","3":"status-publish","4":"has-post-thumbnail","6":"product_cat-maquinas-envasadoras-de-botellas-de-dosis-solidas","8":"first","9":"instock","10":"shipping-taxable","11":"product-type-simple"},"_links":{"self":[{"href":"https:\/\/www.jornen.es\/index.php?rest_route=\/wp\/v2\/product\/936","targetHints":{"allow":["GET"]}}],"collection":[{"href":"https:\/\/www.jornen.es\/index.php?rest_route=\/wp\/v2\/product"}],"about":[{"href":"https:\/\/www.jornen.es\/index.php?rest_route=\/wp\/v2\/types\/product"}],"wp:featuredmedia":[{"embeddable":true,"href":"https:\/\/www.jornen.es\/index.php?rest_route=\/wp\/v2\/media\/937"}],"wp:attachment":[{"href":"https:\/\/www.jornen.es\/index.php?rest_route=%2Fwp%2Fv2%2Fmedia&parent=936"}],"wp:term":[{"taxonomy":"product_cat","embeddable":true,"href":"https:\/\/www.jornen.es\/index.php?rest_route=%2Fwp%2Fv2%2Fproduct_cat&post=936"},{"taxonomy":"product_tag","embeddable":true,"href":"https:\/\/www.jornen.es\/index.php?rest_route=%2Fwp%2Fv2%2Fproduct_tag&post=936"}],"curies":[{"name":"wp","href":"https:\/\/api.w.org\/{rel}","templated":true}]}}