{"id":945,"date":"2024-12-26T13:59:55","date_gmt":"2024-12-26T05:59:55","guid":{"rendered":"https:\/\/www.jornen.es\/?post_type=product&#038;p=945"},"modified":"2024-12-26T14:05:12","modified_gmt":"2024-12-26T06:05:12","slug":"maquina-contadora-electronica-zs-2b","status":"publish","type":"product","link":"https:\/\/www.jornen.es\/?product=maquina-contadora-electronica-zs-2b","title":{"rendered":"M\u00e1quina contadora electr\u00f3nica ZS-2B"},"content":{"rendered":"<p>La m\u00e1quina contadora electr\u00f3nica ZS-2B adopta un canal vibratorio avanzado, un oscilador con velocidad de frecuencia variable, control de pantalla t\u00e1ctil inteligente PLC, recuento de personas sensible a la fibra \u00f3ptica, autoinspecci\u00f3n del sistema, una alarma de indicaci\u00f3n de fallas y apagado autom\u00e1tico.<br \/>\nDe acuerdo con los est\u00e1ndares GMP, la m\u00e1quina utiliza toda la calidad del acero inoxidable, que es un dispositivo contador m\u00e9dico de alta tecnolog\u00eda integrado con el motor colectivo.<br \/>\nEsta m\u00e1quina pertenece al dispositivo contador de tipo de escritorio con un dise\u00f1o razonable y una estructura compacta.<br \/>\nLa m\u00e1quina es f\u00e1cil de operar y eficiente. Puede usarse ampliamente para fabricar tabletas, c\u00e1psulas, c\u00e1psulas blandas y otros medicamentos en varias formas y tama\u00f1os.<br \/>\nLa precisi\u00f3n del conteo alcanza niveles avanzados en todo el mundo.<\/p>\n<p>Par\u00e1metros t\u00e9cnicos principales<br \/>\nVelocidad: 600-2000 piezas\/min<br \/>\nAplicaci\u00f3n: c\u00e1psulas duras, c\u00e1psulas blandas, comprimidos, p\u00edldoras, etc.<br \/>\nDispositivo de control: pantalla t\u00e1ctil<br \/>\nM\u00e9todo de conteo: detecci\u00f3n por infrarrojos<br \/>\nTama\u00f1o adecuado: modelo de c\u00e1psula 00 # -5 #; di\u00e1metro de comprimido 5-25 mm<br \/>\nError de conteo: \u00b10,3 %<br \/>\nPotencia: 500 W<br \/>\nPeso: 50 kg<br \/>\nDimensiones: 735 mm x 580 mm x 720 mm<\/p>\n","protected":false},"excerpt":{"rendered":"<p>La m\u00e1quina contadora electr\u00f3nica ZS-2B adopta un canal vibratorio avanzado, un oscilador con velocidad de frecuencia variable, control de pantalla t\u00e1ctil inteligente PLC, recuento de personas sensible a la fibra \u00f3ptica, autoinspecci\u00f3n del sistema, una alarma de indicaci\u00f3n de fallas y apagado autom\u00e1tico. De acuerdo con los est\u00e1ndares GMP, la m\u00e1quina utiliza toda la calidad del acero inoxidable, que es un dispositivo contador m\u00e9dico de alta tecnolog\u00eda integrado con el motor colectivo. Esta m\u00e1quina pertenece al dispositivo contador de tipo de escritorio con un dise\u00f1o razonable y una estructura compacta. La m\u00e1quina es f\u00e1cil de operar y eficiente. Puede usarse ampliamente para fabricar tabletas, c\u00e1psulas, c\u00e1psulas blandas y otros medicamentos en varias formas y tama\u00f1os. La precisi\u00f3n del conteo alcanza niveles avanzados en todo el &hellip; <\/p>\n","protected":false},"featured_media":946,"template":"","meta":[],"product_cat":[31],"product_tag":[],"class_list":{"0":"post-945","1":"product","2":"type-product","3":"status-publish","4":"has-post-thumbnail","6":"product_cat-maquinas-envasadoras-de-botellas-de-dosis-solidas","8":"first","9":"instock","10":"shipping-taxable","11":"product-type-simple"},"_links":{"self":[{"href":"https:\/\/www.jornen.es\/index.php?rest_route=\/wp\/v2\/product\/945","targetHints":{"allow":["GET"]}}],"collection":[{"href":"https:\/\/www.jornen.es\/index.php?rest_route=\/wp\/v2\/product"}],"about":[{"href":"https:\/\/www.jornen.es\/index.php?rest_route=\/wp\/v2\/types\/product"}],"wp:featuredmedia":[{"embeddable":true,"href":"https:\/\/www.jornen.es\/index.php?rest_route=\/wp\/v2\/media\/946"}],"wp:attachment":[{"href":"https:\/\/www.jornen.es\/index.php?rest_route=%2Fwp%2Fv2%2Fmedia&parent=945"}],"wp:term":[{"taxonomy":"product_cat","embeddable":true,"href":"https:\/\/www.jornen.es\/index.php?rest_route=%2Fwp%2Fv2%2Fproduct_cat&post=945"},{"taxonomy":"product_tag","embeddable":true,"href":"https:\/\/www.jornen.es\/index.php?rest_route=%2Fwp%2Fv2%2Fproduct_tag&post=945"}],"curies":[{"name":"wp","href":"https:\/\/api.w.org\/{rel}","templated":true}]}}