{"id":947,"date":"2024-12-26T14:02:47","date_gmt":"2024-12-26T06:02:47","guid":{"rendered":"https:\/\/www.jornen.es\/?post_type=product&#038;p=947"},"modified":"2024-12-26T14:03:36","modified_gmt":"2024-12-26T06:03:36","slug":"maquina-contadora-electronica-zsl-a","status":"publish","type":"product","link":"https:\/\/www.jornen.es\/?product=maquina-contadora-electronica-zsl-a","title":{"rendered":"M\u00e1quina contadora electr\u00f3nica ZSL-A"},"content":{"rendered":"<p>. La m\u00e1quina contadora electr\u00f3nica completamente autom\u00e1tica adopta un canal vibratorio avanzado, oscilador con velocidad de frecuencia variable, control de pantalla t\u00e1ctil inteligente PLC, recuento de personal sensible a la fibra \u00f3ptica, autoinspecci\u00f3n del sistema, alarma de indicaci\u00f3n de fallas y apagado autom\u00e1tico.<br \/>\n. De acuerdo con los est\u00e1ndares GMP, la m\u00e1quina utiliza toda la calidad del acero inoxidable, que es un dispositivo de conteo m\u00e9dico de alta tecnolog\u00eda integrado con el motor colectivo.<br \/>\n. Esta m\u00e1quina pertenece al dispositivo de conteo de tipo completamente autom\u00e1tico con un dise\u00f1o razonable y una estructura compacta.<br \/>\n. La m\u00e1quina es f\u00e1cil de operar y eficiente y se puede usar ampliamente en varias formas y tama\u00f1os: tabletas, c\u00e1psulas, p\u00edldoras, c\u00e1psulas blandas y otros conteos de medicamentos.<br \/>\n. La precisi\u00f3n del conteo alcanza niveles avanzados en el mundo.<br \/>\n. De acuerdo con los est\u00e1ndares GMP, los materiales se entregan sellados con menos contaminaci\u00f3n por polvo, y diferentes amplitudes de osciladores controlar\u00e1n la velocidad.<br \/>\n. El panel de control de esta m\u00e1quina tiene un bot\u00f3n de parada de emergencia, un bot\u00f3n de inicio, una perilla de control de velocidad del motor, una perilla de velocidad de vibraci\u00f3n y una innovadora pantalla t\u00e1ctil. Es f\u00e1cil de operar con control inteligente.<br \/>\n. El contador infrarrojo de esta m\u00e1quina est\u00e1 compuesto por el sensor de fibra \u00f3ptica KEYENCE de Jap\u00f3n y el cabezal de detecci\u00f3n. En comparaci\u00f3n con otras m\u00e1quinas, esta m\u00e1quina tiene mayor precisi\u00f3n y mayor velocidad.<br \/>\n. El plato giratorio de la m\u00e1quina est\u00e1 hecho de vidrio templado de alta calidad y acero inoxidable. Su dise\u00f1o de conteo giratorio y velocidad ajustable la hacen c\u00f3moda de operar.<br \/>\n. El sistema transportador de esta m\u00e1quina adopta una oruga de grado m\u00e9dico, que cumple con los est\u00e1ndares GMP.<br \/>\n. El componente principal de la tecnolog\u00eda de control de luz adopta la sonda de fibra \u00f3ptica de Omron, que puede detectar autom\u00e1ticamente materiales sin botellas ni relleno.<br \/>\n. Instale un pie m\u00f3vil, que es m\u00e1s conveniente y flexible para usar el equipo y moverse r\u00e1pidamente por el lugar de trabajo.<\/p>\n<p>Par\u00e1metros t\u00e9cnicos principales<br \/>\nVelocidad: 500-1500 piezas\/min<br \/>\nAplicaci\u00f3n: c\u00e1psulas duras, c\u00e1psulas blandas, comprimidos, p\u00edldoras, etc.<br \/>\nM\u00e9todo de conteo: detecci\u00f3n por infrarrojos<br \/>\nTama\u00f1o adecuado: modelo de c\u00e1psula 00 #-5 #; di\u00e1metro del comprimido 5-25 mm<br \/>\nError de conteo: \u00b10,1 %<br \/>\nPotencia: 800 W<br \/>\nPeso: 120 kg<br \/>\nDimensiones 1300 mm x 570 mm x 1300 mm<\/p>\n","protected":false},"excerpt":{"rendered":"<p>. La m\u00e1quina contadora electr\u00f3nica completamente autom\u00e1tica adopta un canal vibratorio avanzado, oscilador con velocidad de frecuencia variable, control de pantalla t\u00e1ctil inteligente PLC, recuento de personal sensible a la fibra \u00f3ptica, autoinspecci\u00f3n del sistema, alarma de indicaci\u00f3n de fallas y apagado autom\u00e1tico. . De acuerdo con los est\u00e1ndares GMP, la m\u00e1quina utiliza toda la calidad del acero inoxidable, que es un dispositivo de conteo m\u00e9dico de alta tecnolog\u00eda integrado con el motor colectivo. . Esta m\u00e1quina pertenece al dispositivo de conteo de tipo completamente autom\u00e1tico con un dise\u00f1o razonable y una estructura compacta. . La m\u00e1quina es f\u00e1cil de operar y eficiente y se puede usar ampliamente en varias formas y tama\u00f1os: tabletas, c\u00e1psulas, p\u00edldoras, c\u00e1psulas blandas y otros conteos de medicamentos. . La &hellip; <\/p>\n","protected":false},"featured_media":948,"template":"","meta":[],"product_cat":[31],"product_tag":[],"class_list":{"0":"post-947","1":"product","2":"type-product","3":"status-publish","4":"has-post-thumbnail","6":"product_cat-maquinas-envasadoras-de-botellas-de-dosis-solidas","8":"first","9":"instock","10":"shipping-taxable","11":"product-type-simple"},"_links":{"self":[{"href":"https:\/\/www.jornen.es\/index.php?rest_route=\/wp\/v2\/product\/947","targetHints":{"allow":["GET"]}}],"collection":[{"href":"https:\/\/www.jornen.es\/index.php?rest_route=\/wp\/v2\/product"}],"about":[{"href":"https:\/\/www.jornen.es\/index.php?rest_route=\/wp\/v2\/types\/product"}],"wp:featuredmedia":[{"embeddable":true,"href":"https:\/\/www.jornen.es\/index.php?rest_route=\/wp\/v2\/media\/948"}],"wp:attachment":[{"href":"https:\/\/www.jornen.es\/index.php?rest_route=%2Fwp%2Fv2%2Fmedia&parent=947"}],"wp:term":[{"taxonomy":"product_cat","embeddable":true,"href":"https:\/\/www.jornen.es\/index.php?rest_route=%2Fwp%2Fv2%2Fproduct_cat&post=947"},{"taxonomy":"product_tag","embeddable":true,"href":"https:\/\/www.jornen.es\/index.php?rest_route=%2Fwp%2Fv2%2Fproduct_tag&post=947"}],"curies":[{"name":"wp","href":"https:\/\/api.w.org\/{rel}","templated":true}]}}