{"id":949,"date":"2024-12-26T14:07:45","date_gmt":"2024-12-26T06:07:45","guid":{"rendered":"https:\/\/www.jornen.es\/?post_type=product&#038;p=949"},"modified":"2024-12-26T14:08:59","modified_gmt":"2024-12-26T06:08:59","slug":"controladora-de-peso-de-capsulas","status":"publish","type":"product","link":"https:\/\/www.jornen.es\/?product=controladora-de-peso-de-capsulas","title":{"rendered":"Controladora de peso de c\u00e1psulas"},"content":{"rendered":"<p>Controladora de peso de c\u00e1psulas (80000~ 200000 c\u00e1psulas\/hora)<\/p>\n<p>Durante la producci\u00f3n, el peso de cada c\u00e1psula llena de medicamento dentro de la tolerancia requerida se considerar\u00eda el producto elegible. Por el contrario, el peso de cada c\u00e1psula llena de medicamento m\u00e1s all\u00e1 de la tolerancia requerida se considerar\u00eda el producto elegible.<br \/>\nActualmente, la mayor\u00eda de las f\u00e1bricas farmac\u00e9uticas adoptan controles aleatorios para evaluar la precisi\u00f3n del peso de las c\u00e1psulas, por lo que no se puede garantizar la precisi\u00f3n del peso de cada c\u00e1psula.<br \/>\nNumerosas f\u00e1bricas farmac\u00e9uticas sufren grandes p\u00e9rdidas cada a\u00f1o porque las autoridades reguladoras m\u00e9dicas prueban que sus productos no son elegibles. Por lo tanto, es necesario un m\u00e9todo de control altamente eficiente, preciso y general para garantizar la precisi\u00f3n del peso de cada c\u00e1psula.<\/p>\n<p>Esta m\u00e1quina, dise\u00f1ada para verificar si el peso de las c\u00e1psulas es elegible, puede pesar autom\u00e1ticamente cada c\u00e1psula a alta velocidad, con alta precisi\u00f3n y sin da\u00f1os. Adem\u00e1s, puede filtrar y rechazar autom\u00e1ticamente las c\u00e1psulas no elegibles m\u00e1s all\u00e1 de la tolerancia requerida, separar las c\u00e1psulas elegibles de las no elegibles y recolectarlas en diferentes canales, lo que garantiza que cada c\u00e1psula pese dentro de la tolerancia requerida durante todo el proceso de fabricaci\u00f3n. Se adopt\u00f3 un sistema de sensor de micropesaje y un controlador l\u00f3gico programable (PLC) con computaci\u00f3n y control de alta velocidad para hacer que la m\u00e1quina sea estable, confiable y f\u00e1cil de operar. Con la funci\u00f3n de registro electr\u00f3nico acompa\u00f1ada de una firma electr\u00f3nica, la m\u00e1quina cumple con la FDA 21 CFR Parte 11.<br \/>\nUna interfaz hombre-m\u00e1quina (HMI) que puede configurar varios par\u00e1metros puede rastrear y registrar autom\u00e1ticamente los par\u00e1metros relevantes. Mientras tanto, utilizando estad\u00edsticas autom\u00e1ticas, una pantalla t\u00e1ctil muestra la salida de c\u00e1psulas elegibles y no elegibles.<br \/>\nEsta m\u00e1quina es un equipo de caja indispensable en un sistema de control de calidad.<\/p>\n","protected":false},"excerpt":{"rendered":"<p>Controladora de peso de c\u00e1psulas (80000~ 200000 c\u00e1psulas\/hora) Durante la producci\u00f3n, el peso de cada c\u00e1psula llena de medicamento dentro de la tolerancia requerida se considerar\u00eda el producto elegible. Por el contrario, el peso de cada c\u00e1psula llena de medicamento m\u00e1s all\u00e1 de la tolerancia requerida se considerar\u00eda el producto elegible. Actualmente, la mayor\u00eda de las f\u00e1bricas farmac\u00e9uticas adoptan controles aleatorios para evaluar la precisi\u00f3n del peso de las c\u00e1psulas, por lo que no se puede garantizar la precisi\u00f3n del peso de cada c\u00e1psula. Numerosas f\u00e1bricas farmac\u00e9uticas sufren grandes p\u00e9rdidas cada a\u00f1o porque las autoridades reguladoras m\u00e9dicas prueban que sus productos no son elegibles. Por lo tanto, es necesario un m\u00e9todo de control altamente eficiente, preciso y general para garantizar la precisi\u00f3n del peso de &hellip; <\/p>\n","protected":false},"featured_media":950,"template":"","meta":[],"product_cat":[20,31],"product_tag":[],"class_list":{"0":"post-949","1":"product","2":"type-product","3":"status-publish","4":"has-post-thumbnail","6":"product_cat-uncategorized","7":"product_cat-maquinas-envasadoras-de-botellas-de-dosis-solidas","9":"first","10":"instock","11":"shipping-taxable","12":"product-type-simple"},"_links":{"self":[{"href":"https:\/\/www.jornen.es\/index.php?rest_route=\/wp\/v2\/product\/949","targetHints":{"allow":["GET"]}}],"collection":[{"href":"https:\/\/www.jornen.es\/index.php?rest_route=\/wp\/v2\/product"}],"about":[{"href":"https:\/\/www.jornen.es\/index.php?rest_route=\/wp\/v2\/types\/product"}],"wp:featuredmedia":[{"embeddable":true,"href":"https:\/\/www.jornen.es\/index.php?rest_route=\/wp\/v2\/media\/950"}],"wp:attachment":[{"href":"https:\/\/www.jornen.es\/index.php?rest_route=%2Fwp%2Fv2%2Fmedia&parent=949"}],"wp:term":[{"taxonomy":"product_cat","embeddable":true,"href":"https:\/\/www.jornen.es\/index.php?rest_route=%2Fwp%2Fv2%2Fproduct_cat&post=949"},{"taxonomy":"product_tag","embeddable":true,"href":"https:\/\/www.jornen.es\/index.php?rest_route=%2Fwp%2Fv2%2Fproduct_tag&post=949"}],"curies":[{"name":"wp","href":"https:\/\/api.w.org\/{rel}","templated":true}]}}